{"id":1056,"date":"2024-03-02T22:10:06","date_gmt":"2024-03-02T21:10:06","guid":{"rendered":"https:\/\/dev.fletc.fr\/?post_type=product&#038;p=1056"},"modified":"2024-05-24T17:40:11","modified_gmt":"2024-05-24T15:40:11","slug":"module-psychosomatique-psychologie-relation-therapeutique-1","status":"publish","type":"product","link":"https:\/\/dev.fletc.fr\/index.php\/produit\/module-psychosomatique-psychologie-relation-therapeutique-1\/","title":{"rendered":"Module Psychosomatique Psychologie Relation Th\u00e9rapeutique 1"},"content":{"rendered":"<p>D\u00e9couvrez \u00e9galement notre module Psychosomatique Psychologie Relation Th\u00e9rapeutique 1 qui vous permet d&rsquo;am\u00e9liorer la relation avec le consultant.<\/p>\n<p>&nbsp;<\/p>\n<h2>Objectifs du module<\/h2>\n<p>Ainsi l\u2019objectif de ce module est de d\u00e9velopper des connaissances dans les domaines de la psychosomatique et de la psychologie.<br \/>\nGr\u00e2ce \u00e0 un programme complet, nous ferons le lien entre l&rsquo;ETC et les \u00e9l\u00e9ments abord\u00e9s.<br \/>\n\u00c9galement \u00e9tablir une relation th\u00e9rapeutique avec les consultants de fa\u00e7on saine en \u00e9vitant les pi\u00e8ges.<\/p>\n<p>&nbsp;<\/p>\n<h2>Intervenant\u00a0du module\u00a0Psychosomatique Psychologie Relation Th\u00e9rapeutique 1<\/h2>\n<p>&nbsp;<\/p>\n<table style=\"height: 210px;\" width=\"785\">\n<tbody>\n<tr>\n<td><img decoding=\"async\" class=\"size-full wp-image-364 aligncenter\" src=\"https:\/\/dev.fletc.fr\/wp-content\/uploads\/2023\/11\/YOANN-FLEURICE-200x300-1.jpg\" alt=\"Yoann Fleurice\" width=\"103\" height=\"155\" \/><\/td>\n<td><strong>Yoann FLEURICE<\/strong><\/p>\n<ul>\n<li>Dipl\u00f4m\u00e9 ETC \u2013 FLETC<\/li>\n<li>Dipl\u00f4m\u00e9 CFMTC<\/li>\n<li>Th\u00e9rapeute valid\u00e9 en psychologie et<br \/>\npsychosomatique par Olivier Soulier<\/li>\n<\/ul>\n<\/td>\n<\/tr>\n<\/tbody>\n<\/table>\n<p>&nbsp;<\/p>\n<h2><strong>Lieu de la formation :<\/strong><\/h2>\n<p>100 % en ligne. <a href=\"https:\/\/elearning-fletc.fr\/mon-compte\/\" target=\"_blank\" rel=\"noopener\">Espace e-learning s\u00e9curis\u00e9<\/a>.<\/p>\n<p>Les vid\u00e9os sont disponibles pendant 3 mois et \u00e9galement remise \u00e0 disposition un mois avant la participation \u00e0 la suite du module en pr\u00e9sentiel. Ainsi vous pourrez r\u00e9viser ce module. Et \u00e9galement aborder plus sereinement la partie suivante.<\/p>\n<p>&nbsp;<\/p>\n<h2>Dur\u00e9e du module<\/h2>\n<p>10 heures de visioconf\u00e9rence \u00e9galement certifi\u00e9es par la FLETC<\/p>\n<p>&nbsp;<\/p>\n<h2>Programme d\u00e9taill\u00e9 du module\u00a0Psychosomatique Psychologie Relation Th\u00e9rapeutique 1<\/h2>\n<p>&nbsp;<\/p>\n<ul>\n<li>Introduction<\/li>\n<li>Chapitre 1 : la MTC, pionni\u00e8re de la psychosomatique<\/li>\n<li>Chapitre 2 : le lien<\/li>\n<li>Chapitre 3 : les 3 phases<\/li>\n<li>Chapitre 4 : la folie<\/li>\n<li>Chapitre 5a : la relation th\u00e9rapeutique : projection transfert \/ contre transfert<\/li>\n<li>Chapitre 5b : la relation th\u00e9rapeutique : toute puissance fascination \/ d\u00e9testation<\/li>\n<li>Chapitre 6a 1 : somatisation pr\u00e9sentation et \u00e9galement les pi\u00e8ges<\/li>\n<li>Chapitre 6a 2 : somatisation exemples puis pistes de r\u00e9flexion&#8230;<\/li>\n<li>Chapitre 6b 1 : pr\u00e9sentation de la \u00ab M\u00e9decine du Sens \u00bb<\/li>\n<li>Chapitre 6b 2 : interview d&rsquo;Olivier Soulier<\/li>\n<li>Chapitre 7 : \u00e9changes au sein de l&rsquo;\u00e9quipe p\u00e9dagogique Conclusion<\/li>\n<\/ul>\n<p>&nbsp;<\/p>\n<h2>Publics vis\u00e9s et pr\u00e9requis<\/h2>\n<p>\u00c9tudiants et anciens \u00e9tudiants de la FLETC d\u00e8s la <a href=\"https:\/\/dev.fletc.fr\/index.php\/produit\/acupuncture-acupression\/\" target=\"_blank\" rel=\"noopener\">3<sup>\u00e8me<\/sup> ann\u00e9e<\/a> et praticiens d&rsquo;ETC.<\/p>\n<p>&nbsp;<\/p>\n<h2>Moyen(s) P\u00e9dagogique(s) du module Psychosomatique Psychologie Relation Th\u00e9rapeutique 1<\/h2>\n<p>Etude de cas. Puis supports vid\u00e9o. \u00c9galement des articles professionnels. Et aussi des ressources t\u00e9l\u00e9chargeables.<\/p>\n<p>&nbsp;<\/p>\n<h2>M\u00e9thode(s) d\u2019\u00e9valuation des acquis<\/h2>\n<p>QCM en fin visio.<\/p>\n","protected":false},"excerpt":{"rendered":"<p>Module 100 % en ligne. 3 mois d&rsquo;acc\u00e8s aux vid\u00e9o via espace e-learning.<\/p>\n<p>\u00c9galement pr\u00e9requis pour participer au module relation th\u00e9rapeutique 2 en pr\u00e9sentiel. Pour ceux qui souhaiteront participer au niveau 2, le module sera remis \u00e0 disposition gratuitement 1 mois avant le module, afin de r\u00e9viser.<\/p>\n<p>10h de cours certifi\u00e9s<\/p>\n<p><img decoding=\"async\" class=\"wp-image-1018 alignleft\" src=\"https:\/\/dev.fletc.fr\/wp-content\/uploads\/2024\/02\/Attention-300x264.png\" alt=\"Avertissement\" width=\"100\" height=\"88\" srcset=\"https:\/\/dev.fletc.fr\/wp-content\/uploads\/2024\/02\/Attention-300x264.png 300w, https:\/\/dev.fletc.fr\/wp-content\/uploads\/2024\/02\/Attention-600x529.png 600w, https:\/\/dev.fletc.fr\/wp-content\/uploads\/2024\/02\/Attention.png 640w\" sizes=\"(max-width: 100px) 100vw, 100px\" \/>Pour participer au module, l\u2019envoi du bulletin d\u2019inscription <a href=\"mailto:info@fletc.fr?subject=Inscription%20module%20%3A%20Psychosomatique%20Psychologie%20Relation%20Th%C3%A9rapeutique%201&amp;body=Bonjour%2C%0D%0A%0D%0AVeuillez%20trouver%20ci-joint%20mon%20bulletin%20d'inscription%20au%20module%20%3A%20Psychosomatique%20Psychologie%20Relation%20Th%C3%A9rapeutique%201%0D%0ABonne%20r%C3%A9ception.%0D%0ACordialement%2C%0D%0A%0D%0ANom%20%3A%20%0D%0APr%C3%A9nom%20%3A%0D%0A\">\u00a0<\/a>est indispensable.<\/p>\n<p><a href=\"https:\/\/dev.fletc.fr\/wp-content\/uploads\/2024\/03\/BI-modifiable-module-positionnement-du-therapeute.pdf\">M&rsquo;inscrire au module : Psychosomatique Psychologie Relation Th\u00e9rapeutique 1<\/a>. Apr\u00e8s avoir compl\u00e9t\u00e9 le bulletin dans votre navigateur favori, enregistrez le document avec les modifications sur votre support (ordinateur, tablette, smartphone) et envoyez-le par mail \u00e0 <a href=\"mailto:info@fletc.fr?subject=Inscription%20module%20%3A%20Psychosomatique%20Psychologie%20Relation%20Th%C3%A9rapeutique%201&amp;body=Bonjour%2C%0D%0A%0D%0AVeuillez%20trouver%20ci-joint%20mon%20bulletin%20d'inscription%20au%20module%20%3A%20Psychosomatique%20Psychologie%20Relation%20Th%C3%A9rapeutique%201%0D%0ABonne%20r%C3%A9ception.%0D%0ACordialement%2C%0D%0A%0D%0ANom%20%3A%20%0D%0APr%C3%A9nom%20%3A%0D%0A\">info@fletc.fr<\/a><\/p>\n","protected":false},"featured_media":1330,"comment_status":"open","ping_status":"closed","template":"","meta":{"ocean_post_layout":"","ocean_both_sidebars_style":"","ocean_both_sidebars_content_width":0,"ocean_both_sidebars_sidebars_width":0,"ocean_sidebar":"0","ocean_second_sidebar":"0","ocean_disable_margins":"enable","ocean_add_body_class":"","ocean_shortcode_before_top_bar":"","ocean_shortcode_after_top_bar":"","ocean_shortcode_before_header":"","ocean_shortcode_after_header":"","ocean_has_shortcode":"","ocean_shortcode_after_title":"","ocean_shortcode_before_footer_widgets":"","ocean_shortcode_after_footer_widgets":"","ocean_shortcode_before_footer_bottom":"","ocean_shortcode_after_footer_bottom":"","ocean_display_top_bar":"default","ocean_display_header":"default","ocean_header_style":"","ocean_center_header_left_menu":"0","ocean_custom_header_template":"0","ocean_custom_logo":0,"ocean_custom_retina_logo":0,"ocean_custom_logo_max_width":0,"ocean_custom_logo_tablet_max_width":0,"ocean_custom_logo_mobile_max_width":0,"ocean_custom_logo_max_height":0,"ocean_custom_logo_tablet_max_height":0,"ocean_custom_logo_mobile_max_height":0,"ocean_header_custom_menu":"0","ocean_menu_typo_font_family":"0","ocean_menu_typo_font_subset":"","ocean_menu_typo_font_size":0,"ocean_menu_typo_font_size_tablet":0,"ocean_menu_typo_font_size_mobile":0,"ocean_menu_typo_font_size_unit":"px","ocean_menu_typo_font_weight":"","ocean_menu_typo_font_weight_tablet":"","ocean_menu_typo_font_weight_mobile":"","ocean_menu_typo_transform":"","ocean_menu_typo_transform_tablet":"","ocean_menu_typo_transform_mobile":"","ocean_menu_typo_line_height":0,"ocean_menu_typo_line_height_tablet":0,"ocean_menu_typo_line_height_mobile":0,"ocean_menu_typo_line_height_unit":"","ocean_menu_typo_spacing":0,"ocean_menu_typo_spacing_tablet":0,"ocean_menu_typo_spacing_mobile":0,"ocean_menu_typo_spacing_unit":"","ocean_menu_link_color":"","ocean_menu_link_color_hover":"","ocean_menu_link_color_active":"","ocean_menu_link_background":"","ocean_menu_link_hover_background":"","ocean_menu_link_active_background":"","ocean_menu_social_links_bg":"","ocean_menu_social_hover_links_bg":"","ocean_menu_social_links_color":"","ocean_menu_social_hover_links_color":"","ocean_disable_title":"default","ocean_disable_heading":"default","ocean_post_title":"","ocean_post_subheading":"","ocean_post_title_style":"","ocean_post_title_background_color":"","ocean_post_title_background":0,"ocean_post_title_bg_image_position":"","ocean_post_title_bg_image_attachment":"","ocean_post_title_bg_image_repeat":"","ocean_post_title_bg_image_size":"","ocean_post_title_height":0,"ocean_post_title_bg_overlay":0.5,"ocean_post_title_bg_overlay_color":"","ocean_disable_breadcrumbs":"default","ocean_breadcrumbs_color":"","ocean_breadcrumbs_separator_color":"","ocean_breadcrumbs_links_color":"","ocean_breadcrumbs_links_hover_color":"","ocean_display_footer_widgets":"default","ocean_display_footer_bottom":"default","ocean_custom_footer_template":"0"},"product_brand":[],"product_cat":[26],"product_tag":[],"class_list":{"0":"post-1056","1":"product","2":"type-product","3":"status-publish","4":"has-post-thumbnail","6":"product_cat-modules-complementaires-de-formation-mtc","8":"entry","9":"has-media","11":"first","12":"instock","13":"purchasable","14":"product-type-simple","15":"has-product-nav","16":"col","17":"span_1_of_3","18":"owp-content-center","19":"item-entry","20":"owp-thumbs-layout-horizontal","21":"owp-btn-normal","22":"owp-tabs-layout-horizontal","23":"has-no-thumbnails","25":"circle-sale"},"yoast_head":"<!-- This site is optimized with the Yoast SEO plugin v25.4 - https:\/\/yoast.com\/wordpress\/plugins\/seo\/ -->\n<title>Module Psychosomatique Psychologie Relation Th\u00e9rapeutique 1 - FLETC<\/title>\n<meta name=\"description\" content=\"D\u00e9couvrez notre module Psychosomatique Psychologie Relation Th\u00e9rapeutique 1 qui vous permet d&#039;am\u00e9liorer la relation avec le consultant\" \/>\n<meta name=\"robots\" content=\"noindex, follow, max-snippet:-1, max-image-preview:large, max-video-preview:-1\" \/>\n<meta property=\"og:locale\" content=\"fr_FR\" \/>\n<meta property=\"og:type\" content=\"article\" \/>\n<meta property=\"og:title\" content=\"Module Psychosomatique Psychologie Relation Th\u00e9rapeutique 1 - FLETC\" \/>\n<meta property=\"og:description\" content=\"D\u00e9couvrez notre module Psychosomatique Psychologie Relation Th\u00e9rapeutique 1 qui vous permet d&#039;am\u00e9liorer la relation avec le consultant\" \/>\n<meta property=\"og:url\" content=\"https:\/\/dev.fletc.fr\/index.php\/produit\/module-psychosomatique-psychologie-relation-therapeutique-1\/\" \/>\n<meta property=\"og:site_name\" content=\"FLETC\" \/>\n<meta property=\"article:publisher\" content=\"https:\/\/www.facebook.com\/FletcEcole\" \/>\n<meta property=\"article:modified_time\" content=\"2024-05-24T15:40:11+00:00\" \/>\n<meta property=\"og:image\" content=\"https:\/\/dev.fletc.fr\/wp-content\/uploads\/2024\/04\/Module-PSY1.png\" \/>\n\t<meta property=\"og:image:width\" content=\"1080\" \/>\n\t<meta property=\"og:image:height\" content=\"1080\" \/>\n\t<meta property=\"og:image:type\" content=\"image\/png\" \/>\n<meta name=\"twitter:card\" content=\"summary_large_image\" \/>\n<meta name=\"twitter:label1\" content=\"Dur\u00e9e de lecture estim\u00e9e\" \/>\n\t<meta name=\"twitter:data1\" content=\"2 minutes\" \/>\n<script type=\"application\/ld+json\" class=\"yoast-schema-graph\">{\"@context\":\"https:\/\/schema.org\",\"@graph\":[{\"@type\":\"WebPage\",\"@id\":\"https:\/\/dev.fletc.fr\/index.php\/produit\/module-psychosomatique-psychologie-relation-therapeutique-1\/\",\"url\":\"https:\/\/dev.fletc.fr\/index.php\/produit\/module-psychosomatique-psychologie-relation-therapeutique-1\/\",\"name\":\"Module Psychosomatique Psychologie Relation Th\u00e9rapeutique 1 - FLETC\",\"isPartOf\":{\"@id\":\"https:\/\/dev.fletc.fr\/#website\"},\"primaryImageOfPage\":{\"@id\":\"https:\/\/dev.fletc.fr\/index.php\/produit\/module-psychosomatique-psychologie-relation-therapeutique-1\/#primaryimage\"},\"image\":{\"@id\":\"https:\/\/dev.fletc.fr\/index.php\/produit\/module-psychosomatique-psychologie-relation-therapeutique-1\/#primaryimage\"},\"thumbnailUrl\":\"https:\/\/dev.fletc.fr\/wp-content\/uploads\/2024\/04\/Module-PSY1.png\",\"datePublished\":\"2024-03-02T21:10:06+00:00\",\"dateModified\":\"2024-05-24T15:40:11+00:00\",\"description\":\"D\u00e9couvrez notre module Psychosomatique Psychologie Relation Th\u00e9rapeutique 1 qui vous permet d'am\u00e9liorer la relation avec le consultant\",\"breadcrumb\":{\"@id\":\"https:\/\/dev.fletc.fr\/index.php\/produit\/module-psychosomatique-psychologie-relation-therapeutique-1\/#breadcrumb\"},\"inLanguage\":\"fr-FR\",\"potentialAction\":[{\"@type\":\"ReadAction\",\"target\":[\"https:\/\/dev.fletc.fr\/index.php\/produit\/module-psychosomatique-psychologie-relation-therapeutique-1\/\"]}]},{\"@type\":\"ImageObject\",\"inLanguage\":\"fr-FR\",\"@id\":\"https:\/\/dev.fletc.fr\/index.php\/produit\/module-psychosomatique-psychologie-relation-therapeutique-1\/#primaryimage\",\"url\":\"https:\/\/dev.fletc.fr\/wp-content\/uploads\/2024\/04\/Module-PSY1.png\",\"contentUrl\":\"https:\/\/dev.fletc.fr\/wp-content\/uploads\/2024\/04\/Module-PSY1.png\",\"width\":1080,\"height\":1080,\"caption\":\"Psychosomatique Psychologie Relation Th\u00e9rapeutique\"},{\"@type\":\"BreadcrumbList\",\"@id\":\"https:\/\/dev.fletc.fr\/index.php\/produit\/module-psychosomatique-psychologie-relation-therapeutique-1\/#breadcrumb\",\"itemListElement\":[{\"@type\":\"ListItem\",\"position\":1,\"name\":\"Accueil\",\"item\":\"https:\/\/dev.fletc.fr\/\"},{\"@type\":\"ListItem\",\"position\":2,\"name\":\"Boutique\",\"item\":\"https:\/\/dev.fletc.fr\/index.php\/boutique\/\"},{\"@type\":\"ListItem\",\"position\":3,\"name\":\"Module Psychosomatique Psychologie Relation Th\u00e9rapeutique 1\"}]},{\"@type\":\"WebSite\",\"@id\":\"https:\/\/dev.fletc.fr\/#website\",\"url\":\"https:\/\/dev.fletc.fr\/\",\"name\":\"FLETC\",\"description\":\"\",\"publisher\":{\"@id\":\"https:\/\/dev.fletc.fr\/#organization\"},\"potentialAction\":[{\"@type\":\"SearchAction\",\"target\":{\"@type\":\"EntryPoint\",\"urlTemplate\":\"https:\/\/dev.fletc.fr\/?s={search_term_string}\"},\"query-input\":{\"@type\":\"PropertyValueSpecification\",\"valueRequired\":true,\"valueName\":\"search_term_string\"}}],\"inLanguage\":\"fr-FR\"},{\"@type\":\"Organization\",\"@id\":\"https:\/\/dev.fletc.fr\/#organization\",\"name\":\"FLETC\",\"url\":\"https:\/\/dev.fletc.fr\/\",\"logo\":{\"@type\":\"ImageObject\",\"inLanguage\":\"fr-FR\",\"@id\":\"https:\/\/dev.fletc.fr\/#\/schema\/logo\/image\/\",\"url\":\"https:\/\/dev.fletc.fr\/wp-content\/uploads\/2023\/03\/LOGOFL_FLETC.jpg\",\"contentUrl\":\"https:\/\/dev.fletc.fr\/wp-content\/uploads\/2023\/03\/LOGOFL_FLETC.jpg\",\"width\":490,\"height\":736,\"caption\":\"FLETC\"},\"image\":{\"@id\":\"https:\/\/dev.fletc.fr\/#\/schema\/logo\/image\/\"},\"sameAs\":[\"https:\/\/www.facebook.com\/FletcEcole\",\"https:\/\/www.instagram.com\/fletc.mtc\/\",\"https:\/\/www.youtube.com\/@fletc-facultelibredenerget5646\",\"https:\/\/www.linkedin.com\/company\/fletc\"]}]}<\/script>\n<!-- \/ Yoast SEO plugin. -->","yoast_head_json":{"title":"Module Psychosomatique Psychologie Relation Th\u00e9rapeutique 1 - FLETC","description":"D\u00e9couvrez notre module Psychosomatique Psychologie Relation Th\u00e9rapeutique 1 qui vous permet d'am\u00e9liorer la relation avec le consultant","robots":{"index":"noindex","follow":"follow","max-snippet":"max-snippet:-1","max-image-preview":"max-image-preview:large","max-video-preview":"max-video-preview:-1"},"og_locale":"fr_FR","og_type":"article","og_title":"Module Psychosomatique Psychologie Relation Th\u00e9rapeutique 1 - FLETC","og_description":"D\u00e9couvrez notre module Psychosomatique Psychologie Relation Th\u00e9rapeutique 1 qui vous permet d'am\u00e9liorer la relation avec le consultant","og_url":"https:\/\/dev.fletc.fr\/index.php\/produit\/module-psychosomatique-psychologie-relation-therapeutique-1\/","og_site_name":"FLETC","article_publisher":"https:\/\/www.facebook.com\/FletcEcole","article_modified_time":"2024-05-24T15:40:11+00:00","og_image":[{"width":1080,"height":1080,"url":"https:\/\/dev.fletc.fr\/wp-content\/uploads\/2024\/04\/Module-PSY1.png","type":"image\/png"}],"twitter_card":"summary_large_image","twitter_misc":{"Dur\u00e9e de lecture estim\u00e9e":"2 minutes"},"schema":{"@context":"https:\/\/schema.org","@graph":[{"@type":"WebPage","@id":"https:\/\/dev.fletc.fr\/index.php\/produit\/module-psychosomatique-psychologie-relation-therapeutique-1\/","url":"https:\/\/dev.fletc.fr\/index.php\/produit\/module-psychosomatique-psychologie-relation-therapeutique-1\/","name":"Module Psychosomatique Psychologie Relation Th\u00e9rapeutique 1 - FLETC","isPartOf":{"@id":"https:\/\/dev.fletc.fr\/#website"},"primaryImageOfPage":{"@id":"https:\/\/dev.fletc.fr\/index.php\/produit\/module-psychosomatique-psychologie-relation-therapeutique-1\/#primaryimage"},"image":{"@id":"https:\/\/dev.fletc.fr\/index.php\/produit\/module-psychosomatique-psychologie-relation-therapeutique-1\/#primaryimage"},"thumbnailUrl":"https:\/\/dev.fletc.fr\/wp-content\/uploads\/2024\/04\/Module-PSY1.png","datePublished":"2024-03-02T21:10:06+00:00","dateModified":"2024-05-24T15:40:11+00:00","description":"D\u00e9couvrez notre module Psychosomatique Psychologie Relation Th\u00e9rapeutique 1 qui vous permet d'am\u00e9liorer la relation avec le consultant","breadcrumb":{"@id":"https:\/\/dev.fletc.fr\/index.php\/produit\/module-psychosomatique-psychologie-relation-therapeutique-1\/#breadcrumb"},"inLanguage":"fr-FR","potentialAction":[{"@type":"ReadAction","target":["https:\/\/dev.fletc.fr\/index.php\/produit\/module-psychosomatique-psychologie-relation-therapeutique-1\/"]}]},{"@type":"ImageObject","inLanguage":"fr-FR","@id":"https:\/\/dev.fletc.fr\/index.php\/produit\/module-psychosomatique-psychologie-relation-therapeutique-1\/#primaryimage","url":"https:\/\/dev.fletc.fr\/wp-content\/uploads\/2024\/04\/Module-PSY1.png","contentUrl":"https:\/\/dev.fletc.fr\/wp-content\/uploads\/2024\/04\/Module-PSY1.png","width":1080,"height":1080,"caption":"Psychosomatique Psychologie Relation Th\u00e9rapeutique"},{"@type":"BreadcrumbList","@id":"https:\/\/dev.fletc.fr\/index.php\/produit\/module-psychosomatique-psychologie-relation-therapeutique-1\/#breadcrumb","itemListElement":[{"@type":"ListItem","position":1,"name":"Accueil","item":"https:\/\/dev.fletc.fr\/"},{"@type":"ListItem","position":2,"name":"Boutique","item":"https:\/\/dev.fletc.fr\/index.php\/boutique\/"},{"@type":"ListItem","position":3,"name":"Module Psychosomatique Psychologie Relation Th\u00e9rapeutique 1"}]},{"@type":"WebSite","@id":"https:\/\/dev.fletc.fr\/#website","url":"https:\/\/dev.fletc.fr\/","name":"FLETC","description":"","publisher":{"@id":"https:\/\/dev.fletc.fr\/#organization"},"potentialAction":[{"@type":"SearchAction","target":{"@type":"EntryPoint","urlTemplate":"https:\/\/dev.fletc.fr\/?s={search_term_string}"},"query-input":{"@type":"PropertyValueSpecification","valueRequired":true,"valueName":"search_term_string"}}],"inLanguage":"fr-FR"},{"@type":"Organization","@id":"https:\/\/dev.fletc.fr\/#organization","name":"FLETC","url":"https:\/\/dev.fletc.fr\/","logo":{"@type":"ImageObject","inLanguage":"fr-FR","@id":"https:\/\/dev.fletc.fr\/#\/schema\/logo\/image\/","url":"https:\/\/dev.fletc.fr\/wp-content\/uploads\/2023\/03\/LOGOFL_FLETC.jpg","contentUrl":"https:\/\/dev.fletc.fr\/wp-content\/uploads\/2023\/03\/LOGOFL_FLETC.jpg","width":490,"height":736,"caption":"FLETC"},"image":{"@id":"https:\/\/dev.fletc.fr\/#\/schema\/logo\/image\/"},"sameAs":["https:\/\/www.facebook.com\/FletcEcole","https:\/\/www.instagram.com\/fletc.mtc\/","https:\/\/www.youtube.com\/@fletc-facultelibredenerget5646","https:\/\/www.linkedin.com\/company\/fletc"]}]}},"_links":{"self":[{"href":"https:\/\/dev.fletc.fr\/index.php\/wp-json\/wp\/v2\/product\/1056","targetHints":{"allow":["GET"]}}],"collection":[{"href":"https:\/\/dev.fletc.fr\/index.php\/wp-json\/wp\/v2\/product"}],"about":[{"href":"https:\/\/dev.fletc.fr\/index.php\/wp-json\/wp\/v2\/types\/product"}],"replies":[{"embeddable":true,"href":"https:\/\/dev.fletc.fr\/index.php\/wp-json\/wp\/v2\/comments?post=1056"}],"wp:featuredmedia":[{"embeddable":true,"href":"https:\/\/dev.fletc.fr\/index.php\/wp-json\/wp\/v2\/media\/1330"}],"wp:attachment":[{"href":"https:\/\/dev.fletc.fr\/index.php\/wp-json\/wp\/v2\/media?parent=1056"}],"wp:term":[{"taxonomy":"product_brand","embeddable":true,"href":"https:\/\/dev.fletc.fr\/index.php\/wp-json\/wp\/v2\/product_brand?post=1056"},{"taxonomy":"product_cat","embeddable":true,"href":"https:\/\/dev.fletc.fr\/index.php\/wp-json\/wp\/v2\/product_cat?post=1056"},{"taxonomy":"product_tag","embeddable":true,"href":"https:\/\/dev.fletc.fr\/index.php\/wp-json\/wp\/v2\/product_tag?post=1056"}],"curies":[{"name":"wp","href":"https:\/\/api.w.org\/{rel}","templated":true}]}}