{"id":56,"date":"2023-03-11T15:44:59","date_gmt":"2023-03-11T14:44:59","guid":{"rendered":"https:\/\/dev.fletc.fr\/?page_id=56"},"modified":"2024-06-14T16:02:51","modified_gmt":"2024-06-14T14:02:51","slug":"planning-formation-mtc","status":"publish","type":"page","link":"https:\/\/dev.fletc.fr\/index.php\/planning-formation-mtc\/","title":{"rendered":"Planning et dates cl\u00e9s de votre formation MTC"},"content":{"rendered":"\n<p>Sur cette page vous d\u00e9couvrirez le planning des cours en pr\u00e9sentiel de votre formation ETC.<\/p>\n\n\n\n<p>Le calendrier est modulable : s\u2019il ne vous est pas possible d\u2019assister \u00e0 un cours dans votre centre, les deux autres centres vous accueillent. Merci de nous pr\u00e9venir en temps utile.<\/p>\n\n\n<div class=\"wp-block-image\">\n<figure class=\"aligncenter size-full\"><img fetchpriority=\"high\" decoding=\"async\" width=\"674\" height=\"744\" src=\"https:\/\/dev.fletc.fr\/wp-content\/uploads\/2024\/02\/IMAGE-CALENDRIER-24-25.png\" alt=\"Planning formation ETC\" class=\"wp-image-836\" srcset=\"https:\/\/dev.fletc.fr\/wp-content\/uploads\/2024\/02\/IMAGE-CALENDRIER-24-25.png 674w, https:\/\/dev.fletc.fr\/wp-content\/uploads\/2024\/02\/IMAGE-CALENDRIER-24-25-300x331.png 300w, https:\/\/dev.fletc.fr\/wp-content\/uploads\/2024\/02\/IMAGE-CALENDRIER-24-25-600x662.png 600w, https:\/\/dev.fletc.fr\/wp-content\/uploads\/2024\/02\/IMAGE-CALENDRIER-24-25-272x300.png 272w\" sizes=\"(max-width: 674px) 100vw, 674px\" \/><\/figure>\n<\/div>\n\n\n<h3 class=\"wp-block-heading\">Je suis la formation \u00e0 distance<\/h3>\n\n\n\n<p>Si vous suivez la formation \u00e0 distance, vous avez tout de m\u00eame la possibilit\u00e9 de participer \u00e0 3 week-ends en pr\u00e9sentiel. Nous vous fournirons \u00e0 l&rsquo;inscription ce calendrier des cours et le programme d\u00e9taill\u00e9 par week-end. Ainsi vous aurez la possibilit\u00e9 de choisir de mani\u00e8re \u00e9clair\u00e9e, les cours que vous souhaitez suivre en pr\u00e9sentiel. <\/p>\n\n\n\n<h3 class=\"wp-block-heading\">Le planning des examens de la formation ETC<\/h3>\n\n\n\n<p>Les examens se d\u00e9roulent habituellement lors de la <a href=\"https:\/\/dev.fletc.fr\/index.php\/session-dete\/\">session d&rsquo;\u00e9t\u00e9<\/a> en juillet, sur le site de <a href=\"https:\/\/vr.visite360pro.com\/tour\/-y6xShK_c8bylagHhKd5I\" target=\"_blank\" rel=\"noreferrer noopener\">Genech<\/a>. Toutefois l&rsquo;examen de Tui Na est r\u00e9alis\u00e9 en pr\u00e9sentiel au 9<sup>\u00e8me<\/sup> week-end. Notre centre de formation vous propose \u00e9galement de passer le <a href=\"https:\/\/dev.fletc.fr\/index.php\/la-f-n-m-t-c-federation-nationale-de-medecine-traditionnelle-chinoise\/\">DNMTC<\/a>. C&rsquo;est l&rsquo;examen de la F\u00e9d\u00e9ration Nationale de M\u00e9decine Traditionnelle Chinoise. Notre formation et les cours d&rsquo;ECH (\u00c9tude du Corps Humain) vous pr\u00e9pare en toute s\u00e9r\u00e9nit\u00e9 \u00e0 r\u00e9ussir cet examen.<\/p>\n\n\n\n<h3 class=\"wp-block-heading\">Je en suis pas disponible \u00e0 certaines dates du planning de formation ETC<\/h3>\n\n\n\n<p>Si une date ne vous convient pas, vous avez la possibilit\u00e9 de les suivre dans un autre centre. Il suffit dans ce cas de pr\u00e9venir le secr\u00e9tariat le plus t\u00f4t possible, afin qu&rsquo;il puisse pr\u00e9parer au mieux votre accueil. Par contre, si vous ne pouvez venir dans aucun autre centre, les cours seront disponibles dans votre e-learning. Vous pourrez ainsi l&rsquo;\u00e9tudier et vous pourrez poser vos questions sur ce cours lors de la visio mensuelle en direct.<\/p>\n\n\n\n<p>Pour les formations du cycle 1 &#8211; th\u00e9orie fondamentale : <a href=\"https:\/\/dev.fletc.fr\/index.php\/produit\/cycle-1-mtc-theorie-fondamentale-niveau-1\/\">niveau 1<\/a> et <a href=\"https:\/\/dev.fletc.fr\/index.php\/produit\/theorie-fondamentale-niveau-2\/\">niveau 2<\/a>, ainsi que du cycle 2 &#8211; branches professionnelles : <a href=\"https:\/\/dev.fletc.fr\/index.php\/produit\/pharmacopee-chinoise\/\">Pharmacop\u00e9e<\/a>, vous pouvez suivre ses formations \u00e0 distance. <\/p>\n","protected":false},"excerpt":{"rendered":"<p>Sur cette page vous d\u00e9couvrirez le planning des cours en pr\u00e9sentiel de votre formation ETC. Le calendrier est modulable : s\u2019il ne vous est pas possible d\u2019assister \u00e0 un cours dans votre centre, les deux autres centres vous accueillent. Merci de nous pr\u00e9venir en temps utile. Je suis la formation \u00e0 distance Si vous suivez [&hellip;]<\/p>\n","protected":false},"author":2,"featured_media":0,"parent":0,"menu_order":0,"comment_status":"closed","ping_status":"closed","template":"","meta":{"ocean_post_layout":"","ocean_both_sidebars_style":"","ocean_both_sidebars_content_width":0,"ocean_both_sidebars_sidebars_width":0,"ocean_sidebar":"0","ocean_second_sidebar":"0","ocean_disable_margins":"enable","ocean_add_body_class":"","ocean_shortcode_before_top_bar":"","ocean_shortcode_after_top_bar":"","ocean_shortcode_before_header":"","ocean_shortcode_after_header":"","ocean_has_shortcode":"","ocean_shortcode_after_title":"","ocean_shortcode_before_footer_widgets":"","ocean_shortcode_after_footer_widgets":"","ocean_shortcode_before_footer_bottom":"","ocean_shortcode_after_footer_bottom":"","ocean_display_top_bar":"default","ocean_display_header":"default","ocean_header_style":"","ocean_center_header_left_menu":"0","ocean_custom_header_template":"0","ocean_custom_logo":0,"ocean_custom_retina_logo":0,"ocean_custom_logo_max_width":0,"ocean_custom_logo_tablet_max_width":0,"ocean_custom_logo_mobile_max_width":0,"ocean_custom_logo_max_height":0,"ocean_custom_logo_tablet_max_height":0,"ocean_custom_logo_mobile_max_height":0,"ocean_header_custom_menu":"0","ocean_menu_typo_font_family":"0","ocean_menu_typo_font_subset":"","ocean_menu_typo_font_size":0,"ocean_menu_typo_font_size_tablet":0,"ocean_menu_typo_font_size_mobile":0,"ocean_menu_typo_font_size_unit":"px","ocean_menu_typo_font_weight":"","ocean_menu_typo_font_weight_tablet":"","ocean_menu_typo_font_weight_mobile":"","ocean_menu_typo_transform":"","ocean_menu_typo_transform_tablet":"","ocean_menu_typo_transform_mobile":"","ocean_menu_typo_line_height":0,"ocean_menu_typo_line_height_tablet":0,"ocean_menu_typo_line_height_mobile":0,"ocean_menu_typo_line_height_unit":"","ocean_menu_typo_spacing":0,"ocean_menu_typo_spacing_tablet":0,"ocean_menu_typo_spacing_mobile":0,"ocean_menu_typo_spacing_unit":"","ocean_menu_link_color":"","ocean_menu_link_color_hover":"","ocean_menu_link_color_active":"","ocean_menu_link_background":"","ocean_menu_link_hover_background":"","ocean_menu_link_active_background":"","ocean_menu_social_links_bg":"","ocean_menu_social_hover_links_bg":"","ocean_menu_social_links_color":"","ocean_menu_social_hover_links_color":"","ocean_disable_title":"default","ocean_disable_heading":"default","ocean_post_title":"","ocean_post_subheading":"","ocean_post_title_style":"","ocean_post_title_background_color":"","ocean_post_title_background":0,"ocean_post_title_bg_image_position":"","ocean_post_title_bg_image_attachment":"","ocean_post_title_bg_image_repeat":"","ocean_post_title_bg_image_size":"","ocean_post_title_height":0,"ocean_post_title_bg_overlay":0.5,"ocean_post_title_bg_overlay_color":"","ocean_disable_breadcrumbs":"default","ocean_breadcrumbs_color":"","ocean_breadcrumbs_separator_color":"","ocean_breadcrumbs_links_color":"","ocean_breadcrumbs_links_hover_color":"","ocean_display_footer_widgets":"default","ocean_display_footer_bottom":"default","ocean_custom_footer_template":"0","footnotes":""},"class_list":["post-56","page","type-page","status-publish","hentry","entry","owp-thumbs-layout-horizontal","owp-btn-normal","owp-tabs-layout-horizontal","has-no-thumbnails","has-product-nav","circle-sale"],"yoast_head":"<!-- This site is optimized with the Yoast SEO plugin v25.4 - https:\/\/yoast.com\/wordpress\/plugins\/seo\/ -->\n<title>Planning et dates cl\u00e9s de votre formation MTC - FLETC<\/title>\n<meta name=\"description\" content=\"Sur cette page vous d\u00e9couvrirez le planning de votre formation en MTC dans nos centres de Lille, Lyon et Toulouse.\" \/>\n<meta name=\"robots\" content=\"noindex, follow, max-snippet:-1, max-image-preview:large, max-video-preview:-1\" \/>\n<meta property=\"og:locale\" content=\"fr_FR\" \/>\n<meta property=\"og:type\" content=\"article\" \/>\n<meta property=\"og:title\" content=\"Planning et dates cl\u00e9s de votre formation MTC - FLETC\" \/>\n<meta property=\"og:description\" content=\"Sur cette page vous d\u00e9couvrirez le planning de votre formation en MTC dans nos centres de Lille, Lyon et Toulouse.\" \/>\n<meta property=\"og:url\" content=\"https:\/\/dev.fletc.fr\/index.php\/planning-formation-mtc\/\" \/>\n<meta property=\"og:site_name\" content=\"FLETC\" \/>\n<meta property=\"article:publisher\" content=\"https:\/\/www.facebook.com\/FletcEcole\" \/>\n<meta property=\"article:modified_time\" content=\"2024-06-14T14:02:51+00:00\" \/>\n<meta property=\"og:image\" content=\"https:\/\/dev.fletc.fr\/wp-content\/uploads\/2024\/02\/IMAGE-CALENDRIER-24-25.png\" \/>\n<meta name=\"twitter:card\" content=\"summary_large_image\" \/>\n<meta name=\"twitter:label1\" content=\"Dur\u00e9e de lecture estim\u00e9e\" \/>\n\t<meta name=\"twitter:data1\" content=\"2 minutes\" \/>\n<script type=\"application\/ld+json\" class=\"yoast-schema-graph\">{\"@context\":\"https:\/\/schema.org\",\"@graph\":[{\"@type\":\"WebPage\",\"@id\":\"https:\/\/dev.fletc.fr\/index.php\/planning-formation-mtc\/\",\"url\":\"https:\/\/dev.fletc.fr\/index.php\/planning-formation-mtc\/\",\"name\":\"Planning et dates cl\u00e9s de votre formation MTC - FLETC\",\"isPartOf\":{\"@id\":\"https:\/\/dev.fletc.fr\/#website\"},\"primaryImageOfPage\":{\"@id\":\"https:\/\/dev.fletc.fr\/index.php\/planning-formation-mtc\/#primaryimage\"},\"image\":{\"@id\":\"https:\/\/dev.fletc.fr\/index.php\/planning-formation-mtc\/#primaryimage\"},\"thumbnailUrl\":\"https:\/\/dev.fletc.fr\/wp-content\/uploads\/2024\/02\/IMAGE-CALENDRIER-24-25.png\",\"datePublished\":\"2023-03-11T14:44:59+00:00\",\"dateModified\":\"2024-06-14T14:02:51+00:00\",\"description\":\"Sur cette page vous d\u00e9couvrirez le planning de votre formation en MTC dans nos centres de Lille, Lyon et Toulouse.\",\"breadcrumb\":{\"@id\":\"https:\/\/dev.fletc.fr\/index.php\/planning-formation-mtc\/#breadcrumb\"},\"inLanguage\":\"fr-FR\",\"potentialAction\":[{\"@type\":\"ReadAction\",\"target\":[\"https:\/\/dev.fletc.fr\/index.php\/planning-formation-mtc\/\"]}]},{\"@type\":\"ImageObject\",\"inLanguage\":\"fr-FR\",\"@id\":\"https:\/\/dev.fletc.fr\/index.php\/planning-formation-mtc\/#primaryimage\",\"url\":\"https:\/\/dev.fletc.fr\/wp-content\/uploads\/2024\/02\/IMAGE-CALENDRIER-24-25.png\",\"contentUrl\":\"https:\/\/dev.fletc.fr\/wp-content\/uploads\/2024\/02\/IMAGE-CALENDRIER-24-25.png\",\"width\":674,\"height\":744,\"caption\":\"Planning formation ETC\"},{\"@type\":\"BreadcrumbList\",\"@id\":\"https:\/\/dev.fletc.fr\/index.php\/planning-formation-mtc\/#breadcrumb\",\"itemListElement\":[{\"@type\":\"ListItem\",\"position\":1,\"name\":\"Accueil\",\"item\":\"https:\/\/dev.fletc.fr\/\"},{\"@type\":\"ListItem\",\"position\":2,\"name\":\"Planning et dates cl\u00e9s de votre formation MTC\"}]},{\"@type\":\"WebSite\",\"@id\":\"https:\/\/dev.fletc.fr\/#website\",\"url\":\"https:\/\/dev.fletc.fr\/\",\"name\":\"FLETC\",\"description\":\"\",\"publisher\":{\"@id\":\"https:\/\/dev.fletc.fr\/#organization\"},\"potentialAction\":[{\"@type\":\"SearchAction\",\"target\":{\"@type\":\"EntryPoint\",\"urlTemplate\":\"https:\/\/dev.fletc.fr\/?s={search_term_string}\"},\"query-input\":{\"@type\":\"PropertyValueSpecification\",\"valueRequired\":true,\"valueName\":\"search_term_string\"}}],\"inLanguage\":\"fr-FR\"},{\"@type\":\"Organization\",\"@id\":\"https:\/\/dev.fletc.fr\/#organization\",\"name\":\"FLETC\",\"url\":\"https:\/\/dev.fletc.fr\/\",\"logo\":{\"@type\":\"ImageObject\",\"inLanguage\":\"fr-FR\",\"@id\":\"https:\/\/dev.fletc.fr\/#\/schema\/logo\/image\/\",\"url\":\"https:\/\/dev.fletc.fr\/wp-content\/uploads\/2023\/03\/LOGOFL_FLETC.jpg\",\"contentUrl\":\"https:\/\/dev.fletc.fr\/wp-content\/uploads\/2023\/03\/LOGOFL_FLETC.jpg\",\"width\":490,\"height\":736,\"caption\":\"FLETC\"},\"image\":{\"@id\":\"https:\/\/dev.fletc.fr\/#\/schema\/logo\/image\/\"},\"sameAs\":[\"https:\/\/www.facebook.com\/FletcEcole\",\"https:\/\/www.instagram.com\/fletc.mtc\/\",\"https:\/\/www.youtube.com\/@fletc-facultelibredenerget5646\",\"https:\/\/www.linkedin.com\/company\/fletc\"]}]}<\/script>\n<!-- \/ Yoast SEO plugin. -->","yoast_head_json":{"title":"Planning et dates cl\u00e9s de votre formation MTC - FLETC","description":"Sur cette page vous d\u00e9couvrirez le planning de votre formation en MTC dans nos centres de Lille, Lyon et Toulouse.","robots":{"index":"noindex","follow":"follow","max-snippet":"max-snippet:-1","max-image-preview":"max-image-preview:large","max-video-preview":"max-video-preview:-1"},"og_locale":"fr_FR","og_type":"article","og_title":"Planning et dates cl\u00e9s de votre formation MTC - FLETC","og_description":"Sur cette page vous d\u00e9couvrirez le planning de votre formation en MTC dans nos centres de Lille, Lyon et Toulouse.","og_url":"https:\/\/dev.fletc.fr\/index.php\/planning-formation-mtc\/","og_site_name":"FLETC","article_publisher":"https:\/\/www.facebook.com\/FletcEcole","article_modified_time":"2024-06-14T14:02:51+00:00","og_image":[{"url":"https:\/\/dev.fletc.fr\/wp-content\/uploads\/2024\/02\/IMAGE-CALENDRIER-24-25.png","type":"","width":"","height":""}],"twitter_card":"summary_large_image","twitter_misc":{"Dur\u00e9e de lecture estim\u00e9e":"2 minutes"},"schema":{"@context":"https:\/\/schema.org","@graph":[{"@type":"WebPage","@id":"https:\/\/dev.fletc.fr\/index.php\/planning-formation-mtc\/","url":"https:\/\/dev.fletc.fr\/index.php\/planning-formation-mtc\/","name":"Planning et dates cl\u00e9s de votre formation MTC - FLETC","isPartOf":{"@id":"https:\/\/dev.fletc.fr\/#website"},"primaryImageOfPage":{"@id":"https:\/\/dev.fletc.fr\/index.php\/planning-formation-mtc\/#primaryimage"},"image":{"@id":"https:\/\/dev.fletc.fr\/index.php\/planning-formation-mtc\/#primaryimage"},"thumbnailUrl":"https:\/\/dev.fletc.fr\/wp-content\/uploads\/2024\/02\/IMAGE-CALENDRIER-24-25.png","datePublished":"2023-03-11T14:44:59+00:00","dateModified":"2024-06-14T14:02:51+00:00","description":"Sur cette page vous d\u00e9couvrirez le planning de votre formation en MTC dans nos centres de Lille, Lyon et Toulouse.","breadcrumb":{"@id":"https:\/\/dev.fletc.fr\/index.php\/planning-formation-mtc\/#breadcrumb"},"inLanguage":"fr-FR","potentialAction":[{"@type":"ReadAction","target":["https:\/\/dev.fletc.fr\/index.php\/planning-formation-mtc\/"]}]},{"@type":"ImageObject","inLanguage":"fr-FR","@id":"https:\/\/dev.fletc.fr\/index.php\/planning-formation-mtc\/#primaryimage","url":"https:\/\/dev.fletc.fr\/wp-content\/uploads\/2024\/02\/IMAGE-CALENDRIER-24-25.png","contentUrl":"https:\/\/dev.fletc.fr\/wp-content\/uploads\/2024\/02\/IMAGE-CALENDRIER-24-25.png","width":674,"height":744,"caption":"Planning formation ETC"},{"@type":"BreadcrumbList","@id":"https:\/\/dev.fletc.fr\/index.php\/planning-formation-mtc\/#breadcrumb","itemListElement":[{"@type":"ListItem","position":1,"name":"Accueil","item":"https:\/\/dev.fletc.fr\/"},{"@type":"ListItem","position":2,"name":"Planning et dates cl\u00e9s de votre formation MTC"}]},{"@type":"WebSite","@id":"https:\/\/dev.fletc.fr\/#website","url":"https:\/\/dev.fletc.fr\/","name":"FLETC","description":"","publisher":{"@id":"https:\/\/dev.fletc.fr\/#organization"},"potentialAction":[{"@type":"SearchAction","target":{"@type":"EntryPoint","urlTemplate":"https:\/\/dev.fletc.fr\/?s={search_term_string}"},"query-input":{"@type":"PropertyValueSpecification","valueRequired":true,"valueName":"search_term_string"}}],"inLanguage":"fr-FR"},{"@type":"Organization","@id":"https:\/\/dev.fletc.fr\/#organization","name":"FLETC","url":"https:\/\/dev.fletc.fr\/","logo":{"@type":"ImageObject","inLanguage":"fr-FR","@id":"https:\/\/dev.fletc.fr\/#\/schema\/logo\/image\/","url":"https:\/\/dev.fletc.fr\/wp-content\/uploads\/2023\/03\/LOGOFL_FLETC.jpg","contentUrl":"https:\/\/dev.fletc.fr\/wp-content\/uploads\/2023\/03\/LOGOFL_FLETC.jpg","width":490,"height":736,"caption":"FLETC"},"image":{"@id":"https:\/\/dev.fletc.fr\/#\/schema\/logo\/image\/"},"sameAs":["https:\/\/www.facebook.com\/FletcEcole","https:\/\/www.instagram.com\/fletc.mtc\/","https:\/\/www.youtube.com\/@fletc-facultelibredenerget5646","https:\/\/www.linkedin.com\/company\/fletc"]}]}},"_links":{"self":[{"href":"https:\/\/dev.fletc.fr\/index.php\/wp-json\/wp\/v2\/pages\/56","targetHints":{"allow":["GET"]}}],"collection":[{"href":"https:\/\/dev.fletc.fr\/index.php\/wp-json\/wp\/v2\/pages"}],"about":[{"href":"https:\/\/dev.fletc.fr\/index.php\/wp-json\/wp\/v2\/types\/page"}],"author":[{"embeddable":true,"href":"https:\/\/dev.fletc.fr\/index.php\/wp-json\/wp\/v2\/users\/2"}],"replies":[{"embeddable":true,"href":"https:\/\/dev.fletc.fr\/index.php\/wp-json\/wp\/v2\/comments?post=56"}],"version-history":[{"count":5,"href":"https:\/\/dev.fletc.fr\/index.php\/wp-json\/wp\/v2\/pages\/56\/revisions"}],"predecessor-version":[{"id":1527,"href":"https:\/\/dev.fletc.fr\/index.php\/wp-json\/wp\/v2\/pages\/56\/revisions\/1527"}],"wp:attachment":[{"href":"https:\/\/dev.fletc.fr\/index.php\/wp-json\/wp\/v2\/media?parent=56"}],"curies":[{"name":"wp","href":"https:\/\/api.w.org\/{rel}","templated":true}]}}