{"id":473,"date":"2024-01-04T14:51:34","date_gmt":"2024-01-04T13:51:34","guid":{"rendered":"https:\/\/dev.fletc.fr\/index.php\/panier\/"},"modified":"2024-01-04T17:55:12","modified_gmt":"2024-01-04T16:55:12","slug":"panier","status":"publish","type":"page","link":"https:\/\/dev.fletc.fr\/index.php\/panier\/","title":{"rendered":"Panier"},"content":{"rendered":"\n<div data-block-name=\"woocommerce\/cart\" class=\"wp-block-woocommerce-cart alignwide is-loading\">\n<div data-block-name=\"woocommerce\/filled-cart-block\" class=\"wp-block-woocommerce-filled-cart-block\">\n<div data-block-name=\"woocommerce\/cart-items-block\" class=\"wp-block-woocommerce-cart-items-block\">\n<div data-block-name=\"woocommerce\/cart-line-items-block\" class=\"wp-block-woocommerce-cart-line-items-block\"><\/div>\n\n\n\n<div data-block-name=\"woocommerce\/cart-cross-sells-block\" class=\"wp-block-woocommerce-cart-cross-sells-block\">\n<h2 class=\"wp-block-heading has-large-font-size\">\u00c7a peut vous int\u00e9resser&#8230;<\/h2>\n\n\n\n<div data-block-name=\"woocommerce\/cart-cross-sells-products-block\" class=\"wp-block-woocommerce-cart-cross-sells-products-block\"><\/div>\n<\/div>\n<\/div>\n\n\n\n<div data-block-name=\"woocommerce\/cart-totals-block\" class=\"wp-block-woocommerce-cart-totals-block\">\n<div data-block-name=\"woocommerce\/cart-order-summary-block\" class=\"wp-block-woocommerce-cart-order-summary-block\">\n<div data-block-name=\"woocommerce\/cart-order-summary-heading-block\" class=\"wp-block-woocommerce-cart-order-summary-heading-block\"><\/div><div data-block-name=\"woocommerce\/cart-order-summary-coupon-form-block\" class=\"wp-block-woocommerce-cart-order-summary-coupon-form-block\"><\/div><div data-block-name=\"woocommerce\/cart-order-summary-totals-block\" class=\"wp-block-woocommerce-cart-order-summary-totals-block\">\n<div data-block-name=\"woocommerce\/cart-order-summary-subtotal-block\" class=\"wp-block-woocommerce-cart-order-summary-subtotal-block\"><\/div>\n<div data-block-name=\"woocommerce\/cart-order-summary-discount-block\" class=\"wp-block-woocommerce-cart-order-summary-discount-block\"><\/div>\n<div data-block-name=\"woocommerce\/cart-order-summary-fee-block\" class=\"wp-block-woocommerce-cart-order-summary-fee-block\"><\/div>\n<div data-block-name=\"woocommerce\/cart-order-summary-shipping-block\" class=\"wp-block-woocommerce-cart-order-summary-shipping-block\"><\/div>\n<div data-block-name=\"woocommerce\/cart-order-summary-taxes-block\" class=\"wp-block-woocommerce-cart-order-summary-taxes-block\"><\/div><\/div>\n<\/div>\n\n\n\n<div data-block-name=\"woocommerce\/cart-express-payment-block\" class=\"wp-block-woocommerce-cart-express-payment-block\"><\/div>\n\n\n\n<div data-block-name=\"woocommerce\/proceed-to-checkout-block\" class=\"wp-block-woocommerce-proceed-to-checkout-block\"><\/div>\n\n\n\n<div data-block-name=\"woocommerce\/cart-accepted-payment-methods-block\" class=\"wp-block-woocommerce-cart-accepted-payment-methods-block\"><\/div>\n<\/div>\n<\/div>\n\n\n\n<div data-block-name=\"woocommerce\/empty-cart-block\" class=\"wp-block-woocommerce-empty-cart-block\">\n<h2 class=\"wp-block-heading has-text-align-center with-empty-cart-icon wc-block-cart__empty-cart__title\">Votre panier est actuellement vide\u00a0!<\/h2>\n\n\n\n<hr class=\"wp-block-separator has-alpha-channel-opacity is-style-dots\"\/>\n\n\n\n<h2 class=\"wp-block-heading has-text-align-center\">Nouveau dans la boutique<\/h2>\n\n\n<div data-block-name=\"woocommerce\/product-new\" data-columns=\"4\" data-rows=\"1\" class=\"wc-block-grid wp-block-product-new wp-block-woocommerce-product-new wc-block-product-new has-4-columns\"><ul class=\"wc-block-grid__products\"><li class=\"wc-block-grid__product\">\n\t\t\t\t<a href=\"https:\/\/dev.fletc.fr\/index.php\/produit\/module-relation-therapeutique-2-posture-sereine-du-therapeute\/\" class=\"wc-block-grid__product-link\">\n\t\t\t\t\t\n\t\t\t\t\t<div class=\"wc-block-grid__product-image\"><img fetchpriority=\"high\" decoding=\"async\" width=\"300\" height=\"300\" src=\"https:\/\/dev.fletc.fr\/wp-content\/uploads\/2024\/04\/Module-PSY2-300x300.png\" class=\"attachment-woocommerce_thumbnail size-woocommerce_thumbnail\" alt=\"posture sereine du th\u00e9rapeute\" srcset=\"https:\/\/dev.fletc.fr\/wp-content\/uploads\/2024\/04\/Module-PSY2-300x300.png 300w, https:\/\/dev.fletc.fr\/wp-content\/uploads\/2024\/04\/Module-PSY2-1024x1024.png 1024w, https:\/\/dev.fletc.fr\/wp-content\/uploads\/2024\/04\/Module-PSY2-150x150.png 150w, https:\/\/dev.fletc.fr\/wp-content\/uploads\/2024\/04\/Module-PSY2-768x768.png 768w, https:\/\/dev.fletc.fr\/wp-content\/uploads\/2024\/04\/Module-PSY2-600x600.png 600w, https:\/\/dev.fletc.fr\/wp-content\/uploads\/2024\/04\/Module-PSY2-100x100.png 100w, https:\/\/dev.fletc.fr\/wp-content\/uploads\/2024\/04\/Module-PSY2.png 1080w\" sizes=\"(max-width: 300px) 100vw, 300px\" \/><\/div>\n\t\t\t\t\t<div class=\"wc-block-grid__product-title\">Module Relation th\u00e9rapeutique 2 : La posture sereine du th\u00e9rapeute<\/div>\n\t\t\t\t<\/a>\n\t\t\t\t<div class=\"wc-block-grid__product-price price\"><span class=\"woocommerce-Price-amount amount\">250,00&nbsp;<span class=\"woocommerce-Price-currencySymbol\">&euro;<\/span><\/span> &ndash; <span class=\"woocommerce-Price-amount amount\">475,00&nbsp;<span class=\"woocommerce-Price-currencySymbol\">&euro;<\/span><\/span><\/div>\n\t\t\t\t\n\t\t\t\t<div class=\"wp-block-button wc-block-grid__product-add-to-cart\"><a href=\"https:\/\/dev.fletc.fr\/index.php\/produit\/module-relation-therapeutique-2-posture-sereine-du-therapeute\/\" aria-label=\"S\u00e9lectionner les options pour &ldquo;Module Relation th\u00e9rapeutique 2 : La posture sereine du th\u00e9rapeute&rdquo;\" data-quantity=\"1\" data-product_id=\"1060\" data-product_sku=\"\" data-price=\"250\" rel=\"nofollow\" class=\"wp-block-button__link  add_to_cart_button\">Choix des options<\/a><\/div>\n\t\t\t<\/li><li class=\"wc-block-grid__product\">\n\t\t\t\t<a href=\"https:\/\/dev.fletc.fr\/index.php\/produit\/module-psychosomatique-psychologie-relation-therapeutique-1\/\" class=\"wc-block-grid__product-link\">\n\t\t\t\t\t\n\t\t\t\t\t<div class=\"wc-block-grid__product-image\"><img decoding=\"async\" width=\"300\" height=\"300\" src=\"https:\/\/dev.fletc.fr\/wp-content\/uploads\/2024\/04\/Module-PSY1-300x300.png\" class=\"attachment-woocommerce_thumbnail size-woocommerce_thumbnail\" alt=\"Psychosomatique Psychologie Relation Th\u00e9rapeutique\" srcset=\"https:\/\/dev.fletc.fr\/wp-content\/uploads\/2024\/04\/Module-PSY1-300x300.png 300w, https:\/\/dev.fletc.fr\/wp-content\/uploads\/2024\/04\/Module-PSY1-1024x1024.png 1024w, https:\/\/dev.fletc.fr\/wp-content\/uploads\/2024\/04\/Module-PSY1-150x150.png 150w, https:\/\/dev.fletc.fr\/wp-content\/uploads\/2024\/04\/Module-PSY1-768x768.png 768w, https:\/\/dev.fletc.fr\/wp-content\/uploads\/2024\/04\/Module-PSY1-600x600.png 600w, https:\/\/dev.fletc.fr\/wp-content\/uploads\/2024\/04\/Module-PSY1-100x100.png 100w, https:\/\/dev.fletc.fr\/wp-content\/uploads\/2024\/04\/Module-PSY1.png 1080w\" sizes=\"(max-width: 300px) 100vw, 300px\" \/><\/div>\n\t\t\t\t\t<div class=\"wc-block-grid__product-title\">Module Psychosomatique Psychologie Relation Th\u00e9rapeutique 1<\/div>\n\t\t\t\t<\/a>\n\t\t\t\t<div class=\"wc-block-grid__product-price price\"><span class=\"woocommerce-Price-amount amount\">180,00&nbsp;<span class=\"woocommerce-Price-currencySymbol\">&euro;<\/span><\/span><\/div>\n\t\t\t\t\n\t\t\t\t<div class=\"wp-block-button wc-block-grid__product-add-to-cart\"><a href=\"?add-to-cart=1056\" aria-label=\"Ajouter au panier\u00a0: &ldquo;Module Psychosomatique Psychologie Relation Th\u00e9rapeutique 1&rdquo;\" data-quantity=\"1\" data-product_id=\"1056\" data-product_sku=\"\" data-price=\"180\" rel=\"nofollow\" class=\"wp-block-button__link  add_to_cart_button ajax_add_to_cart\">Ajouter au panier<\/a><\/div>\n\t\t\t<\/li><li class=\"wc-block-grid__product\">\n\t\t\t\t<a href=\"https:\/\/dev.fletc.fr\/index.php\/produit\/module-les-pratiques-esthetiques-en-etc\/\" class=\"wc-block-grid__product-link\">\n\t\t\t\t\t\n\t\t\t\t\t<div class=\"wc-block-grid__product-image\"><img decoding=\"async\" width=\"300\" height=\"300\" src=\"https:\/\/dev.fletc.fr\/wp-content\/uploads\/2024\/04\/Module-Esthetique-300x300.png\" class=\"attachment-woocommerce_thumbnail size-woocommerce_thumbnail\" alt=\"Pratiques esth\u00e9tiques ETC\" srcset=\"https:\/\/dev.fletc.fr\/wp-content\/uploads\/2024\/04\/Module-Esthetique-300x300.png 300w, https:\/\/dev.fletc.fr\/wp-content\/uploads\/2024\/04\/Module-Esthetique-1024x1024.png 1024w, https:\/\/dev.fletc.fr\/wp-content\/uploads\/2024\/04\/Module-Esthetique-150x150.png 150w, https:\/\/dev.fletc.fr\/wp-content\/uploads\/2024\/04\/Module-Esthetique-768x768.png 768w, https:\/\/dev.fletc.fr\/wp-content\/uploads\/2024\/04\/Module-Esthetique-600x600.png 600w, https:\/\/dev.fletc.fr\/wp-content\/uploads\/2024\/04\/Module-Esthetique-100x100.png 100w, https:\/\/dev.fletc.fr\/wp-content\/uploads\/2024\/04\/Module-Esthetique.png 1080w\" sizes=\"(max-width: 300px) 100vw, 300px\" \/><\/div>\n\t\t\t\t\t<div class=\"wc-block-grid__product-title\">Module Les pratiques esth\u00e9tiques en ETC<\/div>\n\t\t\t\t<\/a>\n\t\t\t\t<div class=\"wc-block-grid__product-price price\"><span class=\"woocommerce-Price-amount amount\">500,00&nbsp;<span class=\"woocommerce-Price-currencySymbol\">&euro;<\/span><\/span> &ndash; <span class=\"woocommerce-Price-amount amount\">2300,00&nbsp;<span class=\"woocommerce-Price-currencySymbol\">&euro;<\/span><\/span><\/div>\n\t\t\t\t\n\t\t\t\t<div class=\"wp-block-button wc-block-grid__product-add-to-cart\"><a href=\"https:\/\/dev.fletc.fr\/index.php\/produit\/module-les-pratiques-esthetiques-en-etc\/\" aria-label=\"S\u00e9lectionner les options pour &ldquo;Module Les pratiques esth\u00e9tiques en ETC&rdquo;\" data-quantity=\"1\" data-product_id=\"1032\" data-product_sku=\"\" data-price=\"500\" rel=\"nofollow\" class=\"wp-block-button__link  add_to_cart_button\">Choix des options<\/a><\/div>\n\t\t\t<\/li><li class=\"wc-block-grid__product\">\n\t\t\t\t<a href=\"https:\/\/dev.fletc.fr\/index.php\/produit\/module-pouls-langue-experimenter-le-subtil\/\" class=\"wc-block-grid__product-link\">\n\t\t\t\t\t\n\t\t\t\t\t<div class=\"wc-block-grid__product-image\"><img loading=\"lazy\" decoding=\"async\" width=\"300\" height=\"300\" src=\"https:\/\/dev.fletc.fr\/wp-content\/uploads\/2024\/04\/Module-pouls-langue-300x300.png\" class=\"attachment-woocommerce_thumbnail size-woocommerce_thumbnail\" alt=\"pouls langue\" srcset=\"https:\/\/dev.fletc.fr\/wp-content\/uploads\/2024\/04\/Module-pouls-langue-300x300.png 300w, https:\/\/dev.fletc.fr\/wp-content\/uploads\/2024\/04\/Module-pouls-langue-1024x1024.png 1024w, https:\/\/dev.fletc.fr\/wp-content\/uploads\/2024\/04\/Module-pouls-langue-150x150.png 150w, https:\/\/dev.fletc.fr\/wp-content\/uploads\/2024\/04\/Module-pouls-langue-768x768.png 768w, https:\/\/dev.fletc.fr\/wp-content\/uploads\/2024\/04\/Module-pouls-langue-600x600.png 600w, https:\/\/dev.fletc.fr\/wp-content\/uploads\/2024\/04\/Module-pouls-langue-100x100.png 100w, https:\/\/dev.fletc.fr\/wp-content\/uploads\/2024\/04\/Module-pouls-langue.png 1080w\" sizes=\"(max-width: 300px) 100vw, 300px\" \/><\/div>\n\t\t\t\t\t<div class=\"wc-block-grid__product-title\">Module Pouls \/ langue : exp\u00e9rimenter le subtil<\/div>\n\t\t\t\t<\/a>\n\t\t\t\t<div class=\"wc-block-grid__product-price price\"><span class=\"woocommerce-Price-amount amount\">250,00&nbsp;<span class=\"woocommerce-Price-currencySymbol\">&euro;<\/span><\/span> &ndash; <span class=\"woocommerce-Price-amount amount\">475,00&nbsp;<span class=\"woocommerce-Price-currencySymbol\">&euro;<\/span><\/span><\/div>\n\t\t\t\t\n\t\t\t\t<div class=\"wp-block-button wc-block-grid__product-add-to-cart\"><a href=\"https:\/\/dev.fletc.fr\/index.php\/produit\/module-pouls-langue-experimenter-le-subtil\/\" aria-label=\"S\u00e9lectionner les options pour &ldquo;Module Pouls \/ langue : exp\u00e9rimenter le subtil&rdquo;\" data-quantity=\"1\" data-product_id=\"1019\" data-product_sku=\"\" data-price=\"250\" rel=\"nofollow\" class=\"wp-block-button__link  add_to_cart_button\">Choix des options<\/a><\/div>\n\t\t\t<\/li><\/ul><\/div><\/div>\n<\/div>\n","protected":false},"excerpt":{"rendered":"","protected":false},"author":2,"featured_media":0,"parent":0,"menu_order":0,"comment_status":"closed","ping_status":"closed","template":"","meta":{"ocean_post_layout":"full-width","ocean_both_sidebars_style":"","ocean_both_sidebars_content_width":0,"ocean_both_sidebars_sidebars_width":0,"ocean_sidebar":"","ocean_second_sidebar":"","ocean_disable_margins":"enable","ocean_add_body_class":"","ocean_shortcode_before_top_bar":"","ocean_shortcode_after_top_bar":"","ocean_shortcode_before_header":"","ocean_shortcode_after_header":"","ocean_has_shortcode":"","ocean_shortcode_after_title":"","ocean_shortcode_before_footer_widgets":"","ocean_shortcode_after_footer_widgets":"","ocean_shortcode_before_footer_bottom":"","ocean_shortcode_after_footer_bottom":"","ocean_display_top_bar":"default","ocean_display_header":"default","ocean_header_style":"","ocean_center_header_left_menu":"","ocean_custom_header_template":"","ocean_custom_logo":0,"ocean_custom_retina_logo":0,"ocean_custom_logo_max_width":0,"ocean_custom_logo_tablet_max_width":0,"ocean_custom_logo_mobile_max_width":0,"ocean_custom_logo_max_height":0,"ocean_custom_logo_tablet_max_height":0,"ocean_custom_logo_mobile_max_height":0,"ocean_header_custom_menu":"","ocean_menu_typo_font_family":"","ocean_menu_typo_font_subset":"","ocean_menu_typo_font_size":0,"ocean_menu_typo_font_size_tablet":0,"ocean_menu_typo_font_size_mobile":0,"ocean_menu_typo_font_size_unit":"px","ocean_menu_typo_font_weight":"","ocean_menu_typo_font_weight_tablet":"","ocean_menu_typo_font_weight_mobile":"","ocean_menu_typo_transform":"","ocean_menu_typo_transform_tablet":"","ocean_menu_typo_transform_mobile":"","ocean_menu_typo_line_height":0,"ocean_menu_typo_line_height_tablet":0,"ocean_menu_typo_line_height_mobile":0,"ocean_menu_typo_line_height_unit":"","ocean_menu_typo_spacing":0,"ocean_menu_typo_spacing_tablet":0,"ocean_menu_typo_spacing_mobile":0,"ocean_menu_typo_spacing_unit":"","ocean_menu_link_color":"","ocean_menu_link_color_hover":"","ocean_menu_link_color_active":"","ocean_menu_link_background":"","ocean_menu_link_hover_background":"","ocean_menu_link_active_background":"","ocean_menu_social_links_bg":"","ocean_menu_social_hover_links_bg":"","ocean_menu_social_links_color":"","ocean_menu_social_hover_links_color":"","ocean_disable_title":"default","ocean_disable_heading":"default","ocean_post_title":"","ocean_post_subheading":"","ocean_post_title_style":"","ocean_post_title_background_color":"","ocean_post_title_background":0,"ocean_post_title_bg_image_position":"","ocean_post_title_bg_image_attachment":"","ocean_post_title_bg_image_repeat":"","ocean_post_title_bg_image_size":"","ocean_post_title_height":0,"ocean_post_title_bg_overlay":0.5,"ocean_post_title_bg_overlay_color":"","ocean_disable_breadcrumbs":"default","ocean_breadcrumbs_color":"","ocean_breadcrumbs_separator_color":"","ocean_breadcrumbs_links_color":"","ocean_breadcrumbs_links_hover_color":"","ocean_display_footer_widgets":"default","ocean_display_footer_bottom":"default","ocean_custom_footer_template":"","footnotes":""},"class_list":["post-473","page","type-page","status-publish","hentry","entry","owp-thumbs-layout-horizontal","owp-btn-normal","owp-tabs-layout-horizontal","has-no-thumbnails","has-product-nav","circle-sale"],"yoast_head":"<!-- This site is optimized with the Yoast SEO plugin v25.4 - https:\/\/yoast.com\/wordpress\/plugins\/seo\/ -->\n<title>Panier - FLETC<\/title>\n<meta name=\"robots\" content=\"noindex, nofollow\" \/>\n<meta property=\"og:locale\" content=\"fr_FR\" \/>\n<meta property=\"og:type\" content=\"article\" \/>\n<meta property=\"og:title\" content=\"Panier - FLETC\" \/>\n<meta property=\"og:url\" content=\"https:\/\/dev.fletc.fr\/index.php\/panier\/\" \/>\n<meta property=\"og:site_name\" content=\"FLETC\" \/>\n<meta property=\"article:publisher\" content=\"https:\/\/www.facebook.com\/FletcEcole\" \/>\n<meta property=\"article:modified_time\" content=\"2024-01-04T16:55:12+00:00\" \/>\n<meta name=\"twitter:card\" content=\"summary_large_image\" \/>\n<meta name=\"twitter:label1\" content=\"Dur\u00e9e de lecture estim\u00e9e\" \/>\n\t<meta name=\"twitter:data1\" content=\"1 minute\" \/>\n<script type=\"application\/ld+json\" class=\"yoast-schema-graph\">{\"@context\":\"https:\/\/schema.org\",\"@graph\":[{\"@type\":\"WebPage\",\"@id\":\"https:\/\/dev.fletc.fr\/index.php\/panier\/\",\"url\":\"https:\/\/dev.fletc.fr\/index.php\/panier\/\",\"name\":\"Panier - FLETC\",\"isPartOf\":{\"@id\":\"https:\/\/dev.fletc.fr\/#website\"},\"datePublished\":\"2024-01-04T13:51:34+00:00\",\"dateModified\":\"2024-01-04T16:55:12+00:00\",\"breadcrumb\":{\"@id\":\"https:\/\/dev.fletc.fr\/index.php\/panier\/#breadcrumb\"},\"inLanguage\":\"fr-FR\",\"potentialAction\":[{\"@type\":\"ReadAction\",\"target\":[\"https:\/\/dev.fletc.fr\/index.php\/panier\/\"]}]},{\"@type\":\"BreadcrumbList\",\"@id\":\"https:\/\/dev.fletc.fr\/index.php\/panier\/#breadcrumb\",\"itemListElement\":[{\"@type\":\"ListItem\",\"position\":1,\"name\":\"Accueil\",\"item\":\"https:\/\/dev.fletc.fr\/\"},{\"@type\":\"ListItem\",\"position\":2,\"name\":\"Panier\"}]},{\"@type\":\"WebSite\",\"@id\":\"https:\/\/dev.fletc.fr\/#website\",\"url\":\"https:\/\/dev.fletc.fr\/\",\"name\":\"FLETC\",\"description\":\"\",\"publisher\":{\"@id\":\"https:\/\/dev.fletc.fr\/#organization\"},\"potentialAction\":[{\"@type\":\"SearchAction\",\"target\":{\"@type\":\"EntryPoint\",\"urlTemplate\":\"https:\/\/dev.fletc.fr\/?s={search_term_string}\"},\"query-input\":{\"@type\":\"PropertyValueSpecification\",\"valueRequired\":true,\"valueName\":\"search_term_string\"}}],\"inLanguage\":\"fr-FR\"},{\"@type\":\"Organization\",\"@id\":\"https:\/\/dev.fletc.fr\/#organization\",\"name\":\"FLETC\",\"url\":\"https:\/\/dev.fletc.fr\/\",\"logo\":{\"@type\":\"ImageObject\",\"inLanguage\":\"fr-FR\",\"@id\":\"https:\/\/dev.fletc.fr\/#\/schema\/logo\/image\/\",\"url\":\"https:\/\/dev.fletc.fr\/wp-content\/uploads\/2023\/03\/LOGOFL_FLETC.jpg\",\"contentUrl\":\"https:\/\/dev.fletc.fr\/wp-content\/uploads\/2023\/03\/LOGOFL_FLETC.jpg\",\"width\":490,\"height\":736,\"caption\":\"FLETC\"},\"image\":{\"@id\":\"https:\/\/dev.fletc.fr\/#\/schema\/logo\/image\/\"},\"sameAs\":[\"https:\/\/www.facebook.com\/FletcEcole\",\"https:\/\/www.instagram.com\/fletc.mtc\/\",\"https:\/\/www.youtube.com\/@fletc-facultelibredenerget5646\",\"https:\/\/www.linkedin.com\/company\/fletc\"]}]}<\/script>\n<!-- \/ Yoast SEO plugin. -->","yoast_head_json":{"title":"Panier - FLETC","robots":{"index":"noindex","follow":"nofollow"},"og_locale":"fr_FR","og_type":"article","og_title":"Panier - FLETC","og_url":"https:\/\/dev.fletc.fr\/index.php\/panier\/","og_site_name":"FLETC","article_publisher":"https:\/\/www.facebook.com\/FletcEcole","article_modified_time":"2024-01-04T16:55:12+00:00","twitter_card":"summary_large_image","twitter_misc":{"Dur\u00e9e de lecture estim\u00e9e":"1 minute"},"schema":{"@context":"https:\/\/schema.org","@graph":[{"@type":"WebPage","@id":"https:\/\/dev.fletc.fr\/index.php\/panier\/","url":"https:\/\/dev.fletc.fr\/index.php\/panier\/","name":"Panier - FLETC","isPartOf":{"@id":"https:\/\/dev.fletc.fr\/#website"},"datePublished":"2024-01-04T13:51:34+00:00","dateModified":"2024-01-04T16:55:12+00:00","breadcrumb":{"@id":"https:\/\/dev.fletc.fr\/index.php\/panier\/#breadcrumb"},"inLanguage":"fr-FR","potentialAction":[{"@type":"ReadAction","target":["https:\/\/dev.fletc.fr\/index.php\/panier\/"]}]},{"@type":"BreadcrumbList","@id":"https:\/\/dev.fletc.fr\/index.php\/panier\/#breadcrumb","itemListElement":[{"@type":"ListItem","position":1,"name":"Accueil","item":"https:\/\/dev.fletc.fr\/"},{"@type":"ListItem","position":2,"name":"Panier"}]},{"@type":"WebSite","@id":"https:\/\/dev.fletc.fr\/#website","url":"https:\/\/dev.fletc.fr\/","name":"FLETC","description":"","publisher":{"@id":"https:\/\/dev.fletc.fr\/#organization"},"potentialAction":[{"@type":"SearchAction","target":{"@type":"EntryPoint","urlTemplate":"https:\/\/dev.fletc.fr\/?s={search_term_string}"},"query-input":{"@type":"PropertyValueSpecification","valueRequired":true,"valueName":"search_term_string"}}],"inLanguage":"fr-FR"},{"@type":"Organization","@id":"https:\/\/dev.fletc.fr\/#organization","name":"FLETC","url":"https:\/\/dev.fletc.fr\/","logo":{"@type":"ImageObject","inLanguage":"fr-FR","@id":"https:\/\/dev.fletc.fr\/#\/schema\/logo\/image\/","url":"https:\/\/dev.fletc.fr\/wp-content\/uploads\/2023\/03\/LOGOFL_FLETC.jpg","contentUrl":"https:\/\/dev.fletc.fr\/wp-content\/uploads\/2023\/03\/LOGOFL_FLETC.jpg","width":490,"height":736,"caption":"FLETC"},"image":{"@id":"https:\/\/dev.fletc.fr\/#\/schema\/logo\/image\/"},"sameAs":["https:\/\/www.facebook.com\/FletcEcole","https:\/\/www.instagram.com\/fletc.mtc\/","https:\/\/www.youtube.com\/@fletc-facultelibredenerget5646","https:\/\/www.linkedin.com\/company\/fletc"]}]}},"_links":{"self":[{"href":"https:\/\/dev.fletc.fr\/index.php\/wp-json\/wp\/v2\/pages\/473","targetHints":{"allow":["GET"]}}],"collection":[{"href":"https:\/\/dev.fletc.fr\/index.php\/wp-json\/wp\/v2\/pages"}],"about":[{"href":"https:\/\/dev.fletc.fr\/index.php\/wp-json\/wp\/v2\/types\/page"}],"author":[{"embeddable":true,"href":"https:\/\/dev.fletc.fr\/index.php\/wp-json\/wp\/v2\/users\/2"}],"replies":[{"embeddable":true,"href":"https:\/\/dev.fletc.fr\/index.php\/wp-json\/wp\/v2\/comments?post=473"}],"version-history":[{"count":2,"href":"https:\/\/dev.fletc.fr\/index.php\/wp-json\/wp\/v2\/pages\/473\/revisions"}],"predecessor-version":[{"id":488,"href":"https:\/\/dev.fletc.fr\/index.php\/wp-json\/wp\/v2\/pages\/473\/revisions\/488"}],"wp:attachment":[{"href":"https:\/\/dev.fletc.fr\/index.php\/wp-json\/wp\/v2\/media?parent=473"}],"curies":[{"name":"wp","href":"https:\/\/api.w.org\/{rel}","templated":true}]}}