{"id":34,"date":"2023-03-11T15:12:31","date_gmt":"2023-03-11T14:12:31","guid":{"rendered":"https:\/\/dev.fletc.fr\/?page_id=34"},"modified":"2024-03-10T15:36:47","modified_gmt":"2024-03-10T14:36:47","slug":"stages-hospitalier-en-asie","status":"publish","type":"page","link":"https:\/\/dev.fletc.fr\/index.php\/stages-hospitalier-en-asie\/","title":{"rendered":"Stages hospitalier en Asie"},"content":{"rendered":"\n<p>Pour agr\u00e9menter votre parcours de professionnalisation, la FLETC vous propose de participer \u00e0 nos stages hospitalier en Asie. D\u00e8s votre <a href=\"https:\/\/dev.fletc.fr\/index.php\/produit\/cycle-1-mtc-theorie-fondamentale-niveau-2\/\">2<sup>\u00e8me<\/sup> ann\u00e9e<\/a> \u00e0 la FLETC, vous pouvez assister \u00e0 <strong>nos stages en Chine<\/strong>, \u00e0 <a href=\"https:\/\/www.google.com\/maps\/place\/China+Academy+of+China+Medical+Sciences\/@39.939,116.426567,17z\/data=!3m1!4b1!4m6!3m5!1s0x35f1acc99926bfef:0x72bcb15ac39d44ce!8m2!3d39.939!4d116.426567!16s%2Fg%2F1239v430?hl=fr&amp;entry=ttu\" target=\"_blank\" rel=\"noreferrer noopener\">Acad\u00e9mie de M\u00e9decine Chinoise de Beijing<\/a> et dans diff\u00e9rents h\u00f4pitaux de P\u00e9kin, <strong>durant 3 semaines<\/strong> (soit 120 heures de formation). <br>\u00c0 partir du cycle 2 : <a href=\"https:\/\/dev.fletc.fr\/index.php\/categorie-produit\/cycle-2-mtc-branches-professionnelles\/\">les branches professionnelles<\/a>, vous avez aussi la possibilit\u00e9 de suivre nos stages \u00e0 l\u2019Universit\u00e9 de M\u00e9decine Traditionnelle Cor\u00e9enne WonKwang et au Centre hospitalier d\u2019Iksan en <strong>Cor\u00e9e du Sud<\/strong>, qui se d\u00e9roulent sur 3 semaines \u00e9galement. <\/p>\n\n\n\n<h2 class=\"wp-block-heading\">Comment se d\u00e9roulent les stages hospitalier en Asie<\/h2>\n\n\n\n<div class=\"wp-block-columns is-layout-flex wp-container-core-columns-is-layout-9d6595d7 wp-block-columns-is-layout-flex\">\n<div class=\"wp-block-column is-layout-flow wp-block-column-is-layout-flow\">\n<h3 class=\"wp-block-heading\">Le matin<\/h3>\n\n\n\n<p>Le matin, par groupe de 5 et accompagn\u00e9 d\u2019un interpr\u00e8te, vous suivez un m\u00e9decin <strong>dans un service hospitalier<\/strong>. Par exemple cardiologie, gyn\u00e9cologie, neurologie, etc. Puis c\u2019est l\u2019occasion de voir comment est r\u00e9alis\u00e9 un bilan \u00e9nerg\u00e9tique. Et \u00e9galement d\u2019observer la puissance de la MTC sur un grand nombre de patients, \u00e0 la lumi\u00e8re d\u2019un \u00e9minent Professeur. Selon sa sp\u00e9cialisation, il choisira de traiter par l\u2019acupuncture, la moxibustion, les ventouses, la pharmacop\u00e9e et le Tuina.<\/p>\n\n\n\n<figure class=\"wp-block-image size-large\"><img fetchpriority=\"high\" decoding=\"async\" width=\"718\" height=\"1024\" src=\"https:\/\/dev.fletc.fr\/wp-content\/uploads\/2024\/03\/stageEnAsie-patient-718x1024.jpg\" alt=\"stages hospitalier en Asie Matin 2\" class=\"wp-image-1234\" srcset=\"https:\/\/dev.fletc.fr\/wp-content\/uploads\/2024\/03\/stageEnAsie-patient-718x1024.jpg 718w, https:\/\/dev.fletc.fr\/wp-content\/uploads\/2024\/03\/stageEnAsie-patient-210x300.jpg 210w, https:\/\/dev.fletc.fr\/wp-content\/uploads\/2024\/03\/stageEnAsie-patient-768x1095.jpg 768w, https:\/\/dev.fletc.fr\/wp-content\/uploads\/2024\/03\/stageEnAsie-patient-300x428.jpg 300w, https:\/\/dev.fletc.fr\/wp-content\/uploads\/2024\/03\/stageEnAsie-patient-600x856.jpg 600w, https:\/\/dev.fletc.fr\/wp-content\/uploads\/2024\/03\/stageEnAsie-patient.jpg 897w\" sizes=\"(max-width: 718px) 100vw, 718px\" \/><\/figure>\n<\/div>\n\n\n\n<div class=\"wp-block-column is-layout-flow wp-block-column-is-layout-flow\"><div class=\"wp-block-image\">\n<figure class=\"aligncenter size-large\"><img decoding=\"async\" width=\"1024\" height=\"768\" src=\"https:\/\/dev.fletc.fr\/wp-content\/uploads\/2024\/03\/stageEnAsie-alhopital-1024x768.jpg\" alt=\"stages hospitalier en Asie Matin\" class=\"wp-image-1233\" srcset=\"https:\/\/dev.fletc.fr\/wp-content\/uploads\/2024\/03\/stageEnAsie-alhopital-1024x768.jpg 1024w, https:\/\/dev.fletc.fr\/wp-content\/uploads\/2024\/03\/stageEnAsie-alhopital-300x225.jpg 300w, https:\/\/dev.fletc.fr\/wp-content\/uploads\/2024\/03\/stageEnAsie-alhopital-768x576.jpg 768w, https:\/\/dev.fletc.fr\/wp-content\/uploads\/2024\/03\/stageEnAsie-alhopital-600x450.jpg 600w, https:\/\/dev.fletc.fr\/wp-content\/uploads\/2024\/03\/stageEnAsie-alhopital.jpg 1440w\" sizes=\"(max-width: 1024px) 100vw, 1024px\" \/><\/figure>\n<\/div>\n\n<div class=\"wp-block-image\">\n<figure class=\"aligncenter size-large\"><img decoding=\"async\" width=\"1024\" height=\"786\" src=\"https:\/\/dev.fletc.fr\/wp-content\/uploads\/2024\/03\/stageEnAsie-groupe-1024x786.jpg\" alt=\"stages hospitalier en Asie matin 3\" class=\"wp-image-1235\" srcset=\"https:\/\/dev.fletc.fr\/wp-content\/uploads\/2024\/03\/stageEnAsie-groupe-1024x786.jpg 1024w, https:\/\/dev.fletc.fr\/wp-content\/uploads\/2024\/03\/stageEnAsie-groupe-300x230.jpg 300w, https:\/\/dev.fletc.fr\/wp-content\/uploads\/2024\/03\/stageEnAsie-groupe-768x589.jpg 768w, https:\/\/dev.fletc.fr\/wp-content\/uploads\/2024\/03\/stageEnAsie-groupe-600x460.jpg 600w, https:\/\/dev.fletc.fr\/wp-content\/uploads\/2024\/03\/stageEnAsie-groupe.jpg 1224w\" sizes=\"(max-width: 1024px) 100vw, 1024px\" \/><\/figure>\n<\/div>\n\n\n<h3 class=\"wp-block-heading\">L&rsquo;apr\u00e8s-midi<\/h3>\n\n\n\n<p>L\u2019apr\u00e8s-midi ce sont des <strong>cours th\u00e9oriques et pratiques<\/strong>. Vous \u00e9tudiez des syndromes propres \u00e0 la MTC, des <strong>pathologies sp\u00e9cifiques<\/strong>. Par exemple la maladie d\u2019Alzheimer, l\u2019\u00e9nur\u00e9sie, l\u2019AVC. Puis vous vous exercez \u00e0 l\u2019acupuncture, au Tuina et au Qi Gong.<\/p>\n<\/div>\n<\/div>\n\n\n\n<h2 class=\"wp-block-heading\">Et apr\u00e8s le stage hospitalier en Asie<\/h2>\n\n\n\n<p>Apr\u00e8s avoir effectu\u00e9 un premier stage hospitalier, vous pouvez ensuite suivre une formation approfondie alliant exploration de la m\u00e9decine tao\u00efste, pratique du Qi Gong th\u00e9rapeutique et \u00e9tude des textes classiques de MTC (Jin Gui Yao Lue, Shang Han Lun, Huang Di Nei Jing, Yi Jing, Wen Bing), v\u00e9ritables \u00e9lixirs de connaissances. Vous acqu\u00e9rez des notions toujours plus subtiles qui affineront votre compr\u00e9hension. Mais ces notions vous serviront \u00e9galement dans votre pratique en cabinet. Alors, vous venez ?<\/p>\n","protected":false},"excerpt":{"rendered":"<p>Pour agr\u00e9menter votre parcours de professionnalisation, la FLETC vous propose de participer \u00e0 nos stages hospitalier en Asie. D\u00e8s votre 2\u00e8me ann\u00e9e \u00e0 la FLETC, vous pouvez assister \u00e0 nos stages en Chine, \u00e0 Acad\u00e9mie de M\u00e9decine Chinoise de Beijing et dans diff\u00e9rents h\u00f4pitaux de P\u00e9kin, durant 3 semaines (soit 120 heures de formation). \u00c0 [&hellip;]<\/p>\n","protected":false},"author":2,"featured_media":0,"parent":0,"menu_order":0,"comment_status":"closed","ping_status":"closed","template":"","meta":{"ocean_post_layout":"","ocean_both_sidebars_style":"","ocean_both_sidebars_content_width":0,"ocean_both_sidebars_sidebars_width":0,"ocean_sidebar":"0","ocean_second_sidebar":"0","ocean_disable_margins":"enable","ocean_add_body_class":"","ocean_shortcode_before_top_bar":"","ocean_shortcode_after_top_bar":"","ocean_shortcode_before_header":"","ocean_shortcode_after_header":"","ocean_has_shortcode":"","ocean_shortcode_after_title":"","ocean_shortcode_before_footer_widgets":"","ocean_shortcode_after_footer_widgets":"","ocean_shortcode_before_footer_bottom":"","ocean_shortcode_after_footer_bottom":"","ocean_display_top_bar":"default","ocean_display_header":"default","ocean_header_style":"","ocean_center_header_left_menu":"0","ocean_custom_header_template":"0","ocean_custom_logo":0,"ocean_custom_retina_logo":0,"ocean_custom_logo_max_width":0,"ocean_custom_logo_tablet_max_width":0,"ocean_custom_logo_mobile_max_width":0,"ocean_custom_logo_max_height":0,"ocean_custom_logo_tablet_max_height":0,"ocean_custom_logo_mobile_max_height":0,"ocean_header_custom_menu":"0","ocean_menu_typo_font_family":"0","ocean_menu_typo_font_subset":"","ocean_menu_typo_font_size":0,"ocean_menu_typo_font_size_tablet":0,"ocean_menu_typo_font_size_mobile":0,"ocean_menu_typo_font_size_unit":"px","ocean_menu_typo_font_weight":"","ocean_menu_typo_font_weight_tablet":"","ocean_menu_typo_font_weight_mobile":"","ocean_menu_typo_transform":"","ocean_menu_typo_transform_tablet":"","ocean_menu_typo_transform_mobile":"","ocean_menu_typo_line_height":0,"ocean_menu_typo_line_height_tablet":0,"ocean_menu_typo_line_height_mobile":0,"ocean_menu_typo_line_height_unit":"","ocean_menu_typo_spacing":0,"ocean_menu_typo_spacing_tablet":0,"ocean_menu_typo_spacing_mobile":0,"ocean_menu_typo_spacing_unit":"","ocean_menu_link_color":"","ocean_menu_link_color_hover":"","ocean_menu_link_color_active":"","ocean_menu_link_background":"","ocean_menu_link_hover_background":"","ocean_menu_link_active_background":"","ocean_menu_social_links_bg":"","ocean_menu_social_hover_links_bg":"","ocean_menu_social_links_color":"","ocean_menu_social_hover_links_color":"","ocean_disable_title":"default","ocean_disable_heading":"default","ocean_post_title":"","ocean_post_subheading":"","ocean_post_title_style":"","ocean_post_title_background_color":"","ocean_post_title_background":0,"ocean_post_title_bg_image_position":"","ocean_post_title_bg_image_attachment":"","ocean_post_title_bg_image_repeat":"","ocean_post_title_bg_image_size":"","ocean_post_title_height":0,"ocean_post_title_bg_overlay":0.5,"ocean_post_title_bg_overlay_color":"","ocean_disable_breadcrumbs":"default","ocean_breadcrumbs_color":"","ocean_breadcrumbs_separator_color":"","ocean_breadcrumbs_links_color":"","ocean_breadcrumbs_links_hover_color":"","ocean_display_footer_widgets":"default","ocean_display_footer_bottom":"default","ocean_custom_footer_template":"0","footnotes":""},"class_list":["post-34","page","type-page","status-publish","hentry","entry","owp-thumbs-layout-horizontal","owp-btn-normal","owp-tabs-layout-horizontal","has-no-thumbnails","has-product-nav","circle-sale"],"yoast_head":"<!-- This site is optimized with the Yoast SEO plugin v25.4 - https:\/\/yoast.com\/wordpress\/plugins\/seo\/ -->\n<title>Stages hospitalier en Asie - FLETC<\/title>\n<meta name=\"description\" content=\"Pour agr\u00e9menter votre parcours de professionnalisation, la FLETC vous propose de participer \u00e0 nos stages hospitalier en Asie.\" \/>\n<meta name=\"robots\" content=\"noindex, follow, max-snippet:-1, max-image-preview:large, max-video-preview:-1\" \/>\n<meta property=\"og:locale\" content=\"fr_FR\" \/>\n<meta property=\"og:type\" content=\"article\" \/>\n<meta property=\"og:title\" content=\"Stages hospitalier en Asie - FLETC\" \/>\n<meta property=\"og:description\" content=\"Pour agr\u00e9menter votre parcours de professionnalisation, la FLETC vous propose de participer \u00e0 nos stages hospitalier en Asie.\" \/>\n<meta property=\"og:url\" content=\"https:\/\/dev.fletc.fr\/index.php\/stages-hospitalier-en-asie\/\" \/>\n<meta property=\"og:site_name\" content=\"FLETC\" \/>\n<meta property=\"article:publisher\" content=\"https:\/\/www.facebook.com\/FletcEcole\" \/>\n<meta property=\"article:modified_time\" content=\"2024-03-10T14:36:47+00:00\" \/>\n<meta property=\"og:image\" content=\"https:\/\/dev.fletc.fr\/wp-content\/uploads\/2024\/03\/stageEnAsie-patient-718x1024.jpg\" \/>\n<meta name=\"twitter:card\" content=\"summary_large_image\" \/>\n<meta name=\"twitter:label1\" content=\"Dur\u00e9e de lecture estim\u00e9e\" \/>\n\t<meta name=\"twitter:data1\" content=\"3 minutes\" \/>\n<script type=\"application\/ld+json\" class=\"yoast-schema-graph\">{\"@context\":\"https:\/\/schema.org\",\"@graph\":[{\"@type\":\"WebPage\",\"@id\":\"https:\/\/dev.fletc.fr\/index.php\/stages-hospitalier-en-asie\/\",\"url\":\"https:\/\/dev.fletc.fr\/index.php\/stages-hospitalier-en-asie\/\",\"name\":\"Stages hospitalier en Asie - FLETC\",\"isPartOf\":{\"@id\":\"https:\/\/dev.fletc.fr\/#website\"},\"primaryImageOfPage\":{\"@id\":\"https:\/\/dev.fletc.fr\/index.php\/stages-hospitalier-en-asie\/#primaryimage\"},\"image\":{\"@id\":\"https:\/\/dev.fletc.fr\/index.php\/stages-hospitalier-en-asie\/#primaryimage\"},\"thumbnailUrl\":\"https:\/\/dev.fletc.fr\/wp-content\/uploads\/2024\/03\/stageEnAsie-patient-718x1024.jpg\",\"datePublished\":\"2023-03-11T14:12:31+00:00\",\"dateModified\":\"2024-03-10T14:36:47+00:00\",\"description\":\"Pour agr\u00e9menter votre parcours de professionnalisation, la FLETC vous propose de participer \u00e0 nos stages hospitalier en Asie.\",\"breadcrumb\":{\"@id\":\"https:\/\/dev.fletc.fr\/index.php\/stages-hospitalier-en-asie\/#breadcrumb\"},\"inLanguage\":\"fr-FR\",\"potentialAction\":[{\"@type\":\"ReadAction\",\"target\":[\"https:\/\/dev.fletc.fr\/index.php\/stages-hospitalier-en-asie\/\"]}]},{\"@type\":\"ImageObject\",\"inLanguage\":\"fr-FR\",\"@id\":\"https:\/\/dev.fletc.fr\/index.php\/stages-hospitalier-en-asie\/#primaryimage\",\"url\":\"https:\/\/dev.fletc.fr\/wp-content\/uploads\/2024\/03\/stageEnAsie-patient.jpg\",\"contentUrl\":\"https:\/\/dev.fletc.fr\/wp-content\/uploads\/2024\/03\/stageEnAsie-patient.jpg\",\"width\":897,\"height\":1279,\"caption\":\"stages hospitalier en Asie Matin 2\"},{\"@type\":\"BreadcrumbList\",\"@id\":\"https:\/\/dev.fletc.fr\/index.php\/stages-hospitalier-en-asie\/#breadcrumb\",\"itemListElement\":[{\"@type\":\"ListItem\",\"position\":1,\"name\":\"Accueil\",\"item\":\"https:\/\/dev.fletc.fr\/\"},{\"@type\":\"ListItem\",\"position\":2,\"name\":\"Stages hospitalier en Asie\"}]},{\"@type\":\"WebSite\",\"@id\":\"https:\/\/dev.fletc.fr\/#website\",\"url\":\"https:\/\/dev.fletc.fr\/\",\"name\":\"FLETC\",\"description\":\"\",\"publisher\":{\"@id\":\"https:\/\/dev.fletc.fr\/#organization\"},\"potentialAction\":[{\"@type\":\"SearchAction\",\"target\":{\"@type\":\"EntryPoint\",\"urlTemplate\":\"https:\/\/dev.fletc.fr\/?s={search_term_string}\"},\"query-input\":{\"@type\":\"PropertyValueSpecification\",\"valueRequired\":true,\"valueName\":\"search_term_string\"}}],\"inLanguage\":\"fr-FR\"},{\"@type\":\"Organization\",\"@id\":\"https:\/\/dev.fletc.fr\/#organization\",\"name\":\"FLETC\",\"url\":\"https:\/\/dev.fletc.fr\/\",\"logo\":{\"@type\":\"ImageObject\",\"inLanguage\":\"fr-FR\",\"@id\":\"https:\/\/dev.fletc.fr\/#\/schema\/logo\/image\/\",\"url\":\"https:\/\/dev.fletc.fr\/wp-content\/uploads\/2023\/03\/LOGOFL_FLETC.jpg\",\"contentUrl\":\"https:\/\/dev.fletc.fr\/wp-content\/uploads\/2023\/03\/LOGOFL_FLETC.jpg\",\"width\":490,\"height\":736,\"caption\":\"FLETC\"},\"image\":{\"@id\":\"https:\/\/dev.fletc.fr\/#\/schema\/logo\/image\/\"},\"sameAs\":[\"https:\/\/www.facebook.com\/FletcEcole\",\"https:\/\/www.instagram.com\/fletc.mtc\/\",\"https:\/\/www.youtube.com\/@fletc-facultelibredenerget5646\",\"https:\/\/www.linkedin.com\/company\/fletc\"]}]}<\/script>\n<!-- \/ Yoast SEO plugin. -->","yoast_head_json":{"title":"Stages hospitalier en Asie - FLETC","description":"Pour agr\u00e9menter votre parcours de professionnalisation, la FLETC vous propose de participer \u00e0 nos stages hospitalier en Asie.","robots":{"index":"noindex","follow":"follow","max-snippet":"max-snippet:-1","max-image-preview":"max-image-preview:large","max-video-preview":"max-video-preview:-1"},"og_locale":"fr_FR","og_type":"article","og_title":"Stages hospitalier en Asie - FLETC","og_description":"Pour agr\u00e9menter votre parcours de professionnalisation, la FLETC vous propose de participer \u00e0 nos stages hospitalier en Asie.","og_url":"https:\/\/dev.fletc.fr\/index.php\/stages-hospitalier-en-asie\/","og_site_name":"FLETC","article_publisher":"https:\/\/www.facebook.com\/FletcEcole","article_modified_time":"2024-03-10T14:36:47+00:00","og_image":[{"url":"https:\/\/dev.fletc.fr\/wp-content\/uploads\/2024\/03\/stageEnAsie-patient-718x1024.jpg","type":"","width":"","height":""}],"twitter_card":"summary_large_image","twitter_misc":{"Dur\u00e9e de lecture estim\u00e9e":"3 minutes"},"schema":{"@context":"https:\/\/schema.org","@graph":[{"@type":"WebPage","@id":"https:\/\/dev.fletc.fr\/index.php\/stages-hospitalier-en-asie\/","url":"https:\/\/dev.fletc.fr\/index.php\/stages-hospitalier-en-asie\/","name":"Stages hospitalier en Asie - FLETC","isPartOf":{"@id":"https:\/\/dev.fletc.fr\/#website"},"primaryImageOfPage":{"@id":"https:\/\/dev.fletc.fr\/index.php\/stages-hospitalier-en-asie\/#primaryimage"},"image":{"@id":"https:\/\/dev.fletc.fr\/index.php\/stages-hospitalier-en-asie\/#primaryimage"},"thumbnailUrl":"https:\/\/dev.fletc.fr\/wp-content\/uploads\/2024\/03\/stageEnAsie-patient-718x1024.jpg","datePublished":"2023-03-11T14:12:31+00:00","dateModified":"2024-03-10T14:36:47+00:00","description":"Pour agr\u00e9menter votre parcours de professionnalisation, la FLETC vous propose de participer \u00e0 nos stages hospitalier en Asie.","breadcrumb":{"@id":"https:\/\/dev.fletc.fr\/index.php\/stages-hospitalier-en-asie\/#breadcrumb"},"inLanguage":"fr-FR","potentialAction":[{"@type":"ReadAction","target":["https:\/\/dev.fletc.fr\/index.php\/stages-hospitalier-en-asie\/"]}]},{"@type":"ImageObject","inLanguage":"fr-FR","@id":"https:\/\/dev.fletc.fr\/index.php\/stages-hospitalier-en-asie\/#primaryimage","url":"https:\/\/dev.fletc.fr\/wp-content\/uploads\/2024\/03\/stageEnAsie-patient.jpg","contentUrl":"https:\/\/dev.fletc.fr\/wp-content\/uploads\/2024\/03\/stageEnAsie-patient.jpg","width":897,"height":1279,"caption":"stages hospitalier en Asie Matin 2"},{"@type":"BreadcrumbList","@id":"https:\/\/dev.fletc.fr\/index.php\/stages-hospitalier-en-asie\/#breadcrumb","itemListElement":[{"@type":"ListItem","position":1,"name":"Accueil","item":"https:\/\/dev.fletc.fr\/"},{"@type":"ListItem","position":2,"name":"Stages hospitalier en Asie"}]},{"@type":"WebSite","@id":"https:\/\/dev.fletc.fr\/#website","url":"https:\/\/dev.fletc.fr\/","name":"FLETC","description":"","publisher":{"@id":"https:\/\/dev.fletc.fr\/#organization"},"potentialAction":[{"@type":"SearchAction","target":{"@type":"EntryPoint","urlTemplate":"https:\/\/dev.fletc.fr\/?s={search_term_string}"},"query-input":{"@type":"PropertyValueSpecification","valueRequired":true,"valueName":"search_term_string"}}],"inLanguage":"fr-FR"},{"@type":"Organization","@id":"https:\/\/dev.fletc.fr\/#organization","name":"FLETC","url":"https:\/\/dev.fletc.fr\/","logo":{"@type":"ImageObject","inLanguage":"fr-FR","@id":"https:\/\/dev.fletc.fr\/#\/schema\/logo\/image\/","url":"https:\/\/dev.fletc.fr\/wp-content\/uploads\/2023\/03\/LOGOFL_FLETC.jpg","contentUrl":"https:\/\/dev.fletc.fr\/wp-content\/uploads\/2023\/03\/LOGOFL_FLETC.jpg","width":490,"height":736,"caption":"FLETC"},"image":{"@id":"https:\/\/dev.fletc.fr\/#\/schema\/logo\/image\/"},"sameAs":["https:\/\/www.facebook.com\/FletcEcole","https:\/\/www.instagram.com\/fletc.mtc\/","https:\/\/www.youtube.com\/@fletc-facultelibredenerget5646","https:\/\/www.linkedin.com\/company\/fletc"]}]}},"_links":{"self":[{"href":"https:\/\/dev.fletc.fr\/index.php\/wp-json\/wp\/v2\/pages\/34","targetHints":{"allow":["GET"]}}],"collection":[{"href":"https:\/\/dev.fletc.fr\/index.php\/wp-json\/wp\/v2\/pages"}],"about":[{"href":"https:\/\/dev.fletc.fr\/index.php\/wp-json\/wp\/v2\/types\/page"}],"author":[{"embeddable":true,"href":"https:\/\/dev.fletc.fr\/index.php\/wp-json\/wp\/v2\/users\/2"}],"replies":[{"embeddable":true,"href":"https:\/\/dev.fletc.fr\/index.php\/wp-json\/wp\/v2\/comments?post=34"}],"version-history":[{"count":4,"href":"https:\/\/dev.fletc.fr\/index.php\/wp-json\/wp\/v2\/pages\/34\/revisions"}],"predecessor-version":[{"id":1236,"href":"https:\/\/dev.fletc.fr\/index.php\/wp-json\/wp\/v2\/pages\/34\/revisions\/1236"}],"wp:attachment":[{"href":"https:\/\/dev.fletc.fr\/index.php\/wp-json\/wp\/v2\/media?parent=34"}],"curies":[{"name":"wp","href":"https:\/\/api.w.org\/{rel}","templated":true}]}}