{"id":250,"date":"2023-03-19T14:21:00","date_gmt":"2023-03-19T13:21:00","guid":{"rendered":"https:\/\/dev.fletc.fr\/?page_id=250"},"modified":"2024-03-10T11:22:38","modified_gmt":"2024-03-10T10:22:38","slug":"mentions-legales","status":"publish","type":"page","link":"https:\/\/dev.fletc.fr\/index.php\/mentions-legales\/","title":{"rendered":"Mentions l\u00e9gales"},"content":{"rendered":"\n<p><strong>Propri\u00e9taire et \u00e9diteur du site :<\/strong> <br>Mr Marcel COSTE, agissant pour le compte de la SARL FLETC, immatricul\u00e9e au Registre du Commerce et des Soci\u00e9t\u00e9 d&rsquo;Annecy, sous le num\u00e9ro 433 455 863<\/p>\n\n\n\n<p><strong>Responsable de la publication et maintenance :<\/strong> <a href=\"https:\/\/www.resonancecommunication.com\/\" target=\"_blank\" rel=\"noreferrer noopener\">R\u00e9sonnance<\/a><\/p>\n\n\n\n<p><strong>Siret :<\/strong> 433 455 863 000 15             <strong>APE :<\/strong> 8559B<\/p>\n\n\n\n<p><strong>Responsable de la collecte des donn\u00e9es :<\/strong> Caroline ALESSI<\/p>\n\n\n\n<p><strong>Adresse du si\u00e8ge social :<\/strong> 2 Rue du Docteur Geley &#8211; 74 000 ANNECY<br><strong>Adresse du si\u00e8ge administratif :<\/strong> 20 Rue Fernand Merlane &#8211; 11 000 CARCASSONNE<\/p>\n\n\n\n<p><strong>Adresse de couriel &#8211; T\u00e9l\u00e9phone &#8211; Horaires : <\/strong><br>info@fletc.fr &#8211; 04.68.25.45.84 &#8211; du lundi au vendredi de 9h00 \u00e0 12h00 et de 14h00 \u00e0 16h30<\/p>\n\n\n\n<p><strong>H\u00e9bergement du site : <\/strong><br>Le site est h\u00e9berg\u00e9 par la soci\u00e9t\u00e9 <a href=\"https:\/\/www.ovhcloud.com\/fr\/web-hosting\/\" target=\"_blank\" rel=\"noreferrer noopener\">OVH<\/a> &#8211; <a href=\"https:\/\/www.ovhcloud.com\/fr\/contact\/\" target=\"_blank\" rel=\"noreferrer noopener\">Contact <\/a><\/p>\n\n\n\n<p><strong>R\u00e9alisation du site \/ Cr\u00e9dits :<\/strong> <br>Le site a \u00e9t\u00e9 r\u00e9alis\u00e9 par la SARL FLETC. Les photos illustrant le site ont \u00e9t\u00e9 r\u00e9alis\u00e9es directement par l&rsquo;\u00e9diteur, soit t\u00e9l\u00e9charg\u00e9es sur la plateforme libre de droit <a href=\"https:\/\/pixabay.com\/fr\/\" target=\"_blank\" rel=\"noreferrer noopener\">Pixabay<\/a>. Les textes et les vid\u00e9os du site ont \u00e9t\u00e9 r\u00e9alis\u00e9es par l&rsquo;\u00e9diteur ou par des auteurs divers mentionn\u00e9s dans les <a href=\"https:\/\/dev.fletc.fr\/index.php\/cguv\/\">CGUV<\/a>. <\/p>\n","protected":false},"excerpt":{"rendered":"<p>Propri\u00e9taire et \u00e9diteur du site : Mr Marcel COSTE, agissant pour le compte de la SARL FLETC, immatricul\u00e9e au Registre du Commerce et des Soci\u00e9t\u00e9 d&rsquo;Annecy, sous le num\u00e9ro 433 455 863 Responsable de la publication et maintenance : R\u00e9sonnance Siret : 433 455 863 000 15 APE : 8559B Responsable de la collecte des [&hellip;]<\/p>\n","protected":false},"author":2,"featured_media":0,"parent":0,"menu_order":0,"comment_status":"closed","ping_status":"closed","template":"","meta":{"ocean_post_layout":"","ocean_both_sidebars_style":"","ocean_both_sidebars_content_width":0,"ocean_both_sidebars_sidebars_width":0,"ocean_sidebar":"0","ocean_second_sidebar":"0","ocean_disable_margins":"enable","ocean_add_body_class":"","ocean_shortcode_before_top_bar":"","ocean_shortcode_after_top_bar":"","ocean_shortcode_before_header":"","ocean_shortcode_after_header":"","ocean_has_shortcode":"","ocean_shortcode_after_title":"","ocean_shortcode_before_footer_widgets":"","ocean_shortcode_after_footer_widgets":"","ocean_shortcode_before_footer_bottom":"","ocean_shortcode_after_footer_bottom":"","ocean_display_top_bar":"default","ocean_display_header":"default","ocean_header_style":"","ocean_center_header_left_menu":"0","ocean_custom_header_template":"0","ocean_custom_logo":0,"ocean_custom_retina_logo":0,"ocean_custom_logo_max_width":0,"ocean_custom_logo_tablet_max_width":0,"ocean_custom_logo_mobile_max_width":0,"ocean_custom_logo_max_height":0,"ocean_custom_logo_tablet_max_height":0,"ocean_custom_logo_mobile_max_height":0,"ocean_header_custom_menu":"0","ocean_menu_typo_font_family":"0","ocean_menu_typo_font_subset":"","ocean_menu_typo_font_size":0,"ocean_menu_typo_font_size_tablet":0,"ocean_menu_typo_font_size_mobile":0,"ocean_menu_typo_font_size_unit":"px","ocean_menu_typo_font_weight":"","ocean_menu_typo_font_weight_tablet":"","ocean_menu_typo_font_weight_mobile":"","ocean_menu_typo_transform":"","ocean_menu_typo_transform_tablet":"","ocean_menu_typo_transform_mobile":"","ocean_menu_typo_line_height":0,"ocean_menu_typo_line_height_tablet":0,"ocean_menu_typo_line_height_mobile":0,"ocean_menu_typo_line_height_unit":"","ocean_menu_typo_spacing":0,"ocean_menu_typo_spacing_tablet":0,"ocean_menu_typo_spacing_mobile":0,"ocean_menu_typo_spacing_unit":"","ocean_menu_link_color":"","ocean_menu_link_color_hover":"","ocean_menu_link_color_active":"","ocean_menu_link_background":"","ocean_menu_link_hover_background":"","ocean_menu_link_active_background":"","ocean_menu_social_links_bg":"","ocean_menu_social_hover_links_bg":"","ocean_menu_social_links_color":"","ocean_menu_social_hover_links_color":"","ocean_disable_title":"default","ocean_disable_heading":"default","ocean_post_title":"","ocean_post_subheading":"","ocean_post_title_style":"","ocean_post_title_background_color":"","ocean_post_title_background":0,"ocean_post_title_bg_image_position":"","ocean_post_title_bg_image_attachment":"","ocean_post_title_bg_image_repeat":"","ocean_post_title_bg_image_size":"","ocean_post_title_height":0,"ocean_post_title_bg_overlay":0.5,"ocean_post_title_bg_overlay_color":"","ocean_disable_breadcrumbs":"default","ocean_breadcrumbs_color":"","ocean_breadcrumbs_separator_color":"","ocean_breadcrumbs_links_color":"","ocean_breadcrumbs_links_hover_color":"","ocean_display_footer_widgets":"default","ocean_display_footer_bottom":"default","ocean_custom_footer_template":"0","footnotes":""},"class_list":["post-250","page","type-page","status-publish","hentry","entry","owp-thumbs-layout-horizontal","owp-btn-normal","owp-tabs-layout-horizontal","has-no-thumbnails","has-product-nav","circle-sale"],"yoast_head":"<!-- This site is optimized with the Yoast SEO plugin v25.4 - https:\/\/yoast.com\/wordpress\/plugins\/seo\/ -->\n<title>Mentions l\u00e9gales - FLETC<\/title>\n<meta name=\"robots\" content=\"noindex, nofollow\" \/>\n<meta property=\"og:locale\" content=\"fr_FR\" \/>\n<meta property=\"og:type\" content=\"article\" \/>\n<meta property=\"og:title\" content=\"Mentions l\u00e9gales - FLETC\" \/>\n<meta property=\"og:description\" content=\"Propri\u00e9taire et \u00e9diteur du site : Mr Marcel COSTE, agissant pour le compte de la SARL FLETC, immatricul\u00e9e au Registre du Commerce et des Soci\u00e9t\u00e9 d&rsquo;Annecy, sous le num\u00e9ro 433 455 863 Responsable de la publication et maintenance : R\u00e9sonnance Siret : 433 455 863 000 15 APE : 8559B Responsable de la collecte des [&hellip;]\" \/>\n<meta property=\"og:url\" content=\"https:\/\/dev.fletc.fr\/index.php\/mentions-legales\/\" \/>\n<meta property=\"og:site_name\" content=\"FLETC\" \/>\n<meta property=\"article:publisher\" content=\"https:\/\/www.facebook.com\/FletcEcole\" \/>\n<meta property=\"article:modified_time\" content=\"2024-03-10T10:22:38+00:00\" \/>\n<meta name=\"twitter:card\" content=\"summary_large_image\" \/>\n<meta name=\"twitter:label1\" content=\"Dur\u00e9e de lecture estim\u00e9e\" \/>\n\t<meta name=\"twitter:data1\" content=\"1 minute\" \/>\n<script type=\"application\/ld+json\" class=\"yoast-schema-graph\">{\"@context\":\"https:\/\/schema.org\",\"@graph\":[{\"@type\":\"WebPage\",\"@id\":\"https:\/\/dev.fletc.fr\/index.php\/mentions-legales\/\",\"url\":\"https:\/\/dev.fletc.fr\/index.php\/mentions-legales\/\",\"name\":\"Mentions l\u00e9gales - FLETC\",\"isPartOf\":{\"@id\":\"https:\/\/dev.fletc.fr\/#website\"},\"datePublished\":\"2023-03-19T13:21:00+00:00\",\"dateModified\":\"2024-03-10T10:22:38+00:00\",\"breadcrumb\":{\"@id\":\"https:\/\/dev.fletc.fr\/index.php\/mentions-legales\/#breadcrumb\"},\"inLanguage\":\"fr-FR\",\"potentialAction\":[{\"@type\":\"ReadAction\",\"target\":[\"https:\/\/dev.fletc.fr\/index.php\/mentions-legales\/\"]}]},{\"@type\":\"BreadcrumbList\",\"@id\":\"https:\/\/dev.fletc.fr\/index.php\/mentions-legales\/#breadcrumb\",\"itemListElement\":[{\"@type\":\"ListItem\",\"position\":1,\"name\":\"Accueil\",\"item\":\"https:\/\/dev.fletc.fr\/\"},{\"@type\":\"ListItem\",\"position\":2,\"name\":\"Mentions l\u00e9gales\"}]},{\"@type\":\"WebSite\",\"@id\":\"https:\/\/dev.fletc.fr\/#website\",\"url\":\"https:\/\/dev.fletc.fr\/\",\"name\":\"FLETC\",\"description\":\"\",\"publisher\":{\"@id\":\"https:\/\/dev.fletc.fr\/#organization\"},\"potentialAction\":[{\"@type\":\"SearchAction\",\"target\":{\"@type\":\"EntryPoint\",\"urlTemplate\":\"https:\/\/dev.fletc.fr\/?s={search_term_string}\"},\"query-input\":{\"@type\":\"PropertyValueSpecification\",\"valueRequired\":true,\"valueName\":\"search_term_string\"}}],\"inLanguage\":\"fr-FR\"},{\"@type\":\"Organization\",\"@id\":\"https:\/\/dev.fletc.fr\/#organization\",\"name\":\"FLETC\",\"url\":\"https:\/\/dev.fletc.fr\/\",\"logo\":{\"@type\":\"ImageObject\",\"inLanguage\":\"fr-FR\",\"@id\":\"https:\/\/dev.fletc.fr\/#\/schema\/logo\/image\/\",\"url\":\"https:\/\/dev.fletc.fr\/wp-content\/uploads\/2023\/03\/LOGOFL_FLETC.jpg\",\"contentUrl\":\"https:\/\/dev.fletc.fr\/wp-content\/uploads\/2023\/03\/LOGOFL_FLETC.jpg\",\"width\":490,\"height\":736,\"caption\":\"FLETC\"},\"image\":{\"@id\":\"https:\/\/dev.fletc.fr\/#\/schema\/logo\/image\/\"},\"sameAs\":[\"https:\/\/www.facebook.com\/FletcEcole\",\"https:\/\/www.instagram.com\/fletc.mtc\/\",\"https:\/\/www.youtube.com\/@fletc-facultelibredenerget5646\",\"https:\/\/www.linkedin.com\/company\/fletc\"]}]}<\/script>\n<!-- \/ Yoast SEO plugin. -->","yoast_head_json":{"title":"Mentions l\u00e9gales - FLETC","robots":{"index":"noindex","follow":"nofollow"},"og_locale":"fr_FR","og_type":"article","og_title":"Mentions l\u00e9gales - FLETC","og_description":"Propri\u00e9taire et \u00e9diteur du site : Mr Marcel COSTE, agissant pour le compte de la SARL FLETC, immatricul\u00e9e au Registre du Commerce et des Soci\u00e9t\u00e9 d&rsquo;Annecy, sous le num\u00e9ro 433 455 863 Responsable de la publication et maintenance : R\u00e9sonnance Siret : 433 455 863 000 15 APE : 8559B Responsable de la collecte des [&hellip;]","og_url":"https:\/\/dev.fletc.fr\/index.php\/mentions-legales\/","og_site_name":"FLETC","article_publisher":"https:\/\/www.facebook.com\/FletcEcole","article_modified_time":"2024-03-10T10:22:38+00:00","twitter_card":"summary_large_image","twitter_misc":{"Dur\u00e9e de lecture estim\u00e9e":"1 minute"},"schema":{"@context":"https:\/\/schema.org","@graph":[{"@type":"WebPage","@id":"https:\/\/dev.fletc.fr\/index.php\/mentions-legales\/","url":"https:\/\/dev.fletc.fr\/index.php\/mentions-legales\/","name":"Mentions l\u00e9gales - FLETC","isPartOf":{"@id":"https:\/\/dev.fletc.fr\/#website"},"datePublished":"2023-03-19T13:21:00+00:00","dateModified":"2024-03-10T10:22:38+00:00","breadcrumb":{"@id":"https:\/\/dev.fletc.fr\/index.php\/mentions-legales\/#breadcrumb"},"inLanguage":"fr-FR","potentialAction":[{"@type":"ReadAction","target":["https:\/\/dev.fletc.fr\/index.php\/mentions-legales\/"]}]},{"@type":"BreadcrumbList","@id":"https:\/\/dev.fletc.fr\/index.php\/mentions-legales\/#breadcrumb","itemListElement":[{"@type":"ListItem","position":1,"name":"Accueil","item":"https:\/\/dev.fletc.fr\/"},{"@type":"ListItem","position":2,"name":"Mentions l\u00e9gales"}]},{"@type":"WebSite","@id":"https:\/\/dev.fletc.fr\/#website","url":"https:\/\/dev.fletc.fr\/","name":"FLETC","description":"","publisher":{"@id":"https:\/\/dev.fletc.fr\/#organization"},"potentialAction":[{"@type":"SearchAction","target":{"@type":"EntryPoint","urlTemplate":"https:\/\/dev.fletc.fr\/?s={search_term_string}"},"query-input":{"@type":"PropertyValueSpecification","valueRequired":true,"valueName":"search_term_string"}}],"inLanguage":"fr-FR"},{"@type":"Organization","@id":"https:\/\/dev.fletc.fr\/#organization","name":"FLETC","url":"https:\/\/dev.fletc.fr\/","logo":{"@type":"ImageObject","inLanguage":"fr-FR","@id":"https:\/\/dev.fletc.fr\/#\/schema\/logo\/image\/","url":"https:\/\/dev.fletc.fr\/wp-content\/uploads\/2023\/03\/LOGOFL_FLETC.jpg","contentUrl":"https:\/\/dev.fletc.fr\/wp-content\/uploads\/2023\/03\/LOGOFL_FLETC.jpg","width":490,"height":736,"caption":"FLETC"},"image":{"@id":"https:\/\/dev.fletc.fr\/#\/schema\/logo\/image\/"},"sameAs":["https:\/\/www.facebook.com\/FletcEcole","https:\/\/www.instagram.com\/fletc.mtc\/","https:\/\/www.youtube.com\/@fletc-facultelibredenerget5646","https:\/\/www.linkedin.com\/company\/fletc"]}]}},"_links":{"self":[{"href":"https:\/\/dev.fletc.fr\/index.php\/wp-json\/wp\/v2\/pages\/250","targetHints":{"allow":["GET"]}}],"collection":[{"href":"https:\/\/dev.fletc.fr\/index.php\/wp-json\/wp\/v2\/pages"}],"about":[{"href":"https:\/\/dev.fletc.fr\/index.php\/wp-json\/wp\/v2\/types\/page"}],"author":[{"embeddable":true,"href":"https:\/\/dev.fletc.fr\/index.php\/wp-json\/wp\/v2\/users\/2"}],"replies":[{"embeddable":true,"href":"https:\/\/dev.fletc.fr\/index.php\/wp-json\/wp\/v2\/comments?post=250"}],"version-history":[{"count":3,"href":"https:\/\/dev.fletc.fr\/index.php\/wp-json\/wp\/v2\/pages\/250\/revisions"}],"predecessor-version":[{"id":1210,"href":"https:\/\/dev.fletc.fr\/index.php\/wp-json\/wp\/v2\/pages\/250\/revisions\/1210"}],"wp:attachment":[{"href":"https:\/\/dev.fletc.fr\/index.php\/wp-json\/wp\/v2\/media?parent=250"}],"curies":[{"name":"wp","href":"https:\/\/api.w.org\/{rel}","templated":true}]}}