{"id":1284,"date":"2024-03-17T10:18:29","date_gmt":"2024-03-17T09:18:29","guid":{"rendered":"https:\/\/dev.fletc.fr\/?page_id=1284"},"modified":"2024-05-31T15:37:23","modified_gmt":"2024-05-31T13:37:23","slug":"la-f-n-m-t-c-federation-nationale-de-medecine-traditionnelle-chinoise","status":"publish","type":"page","link":"https:\/\/dev.fletc.fr\/index.php\/la-f-n-m-t-c-federation-nationale-de-medecine-traditionnelle-chinoise\/","title":{"rendered":"La F.N.M.T.C. F\u00e9d\u00e9ration Nationale de M\u00e9decine Traditionnelle Chinoise"},"content":{"rendered":"\n<p>La FLETC est l\u2019un des membres fondateurs de la FNMTC (F\u00e9d\u00e9ration Nationale de M\u00e9decine Traditionnelle Chinoise). En suivant votre formation dans notre centre de formation, vous pourrez, en fin de cycle, vous pr\u00e9senter \u00e0 l\u2019examen national\u00a0<a href=\"https:\/\/www.fletc.fr\/wp-content\/uploads\/2022\/09\/texte-DNMTC-07-2022.pdf\">DNMTC<\/a>\u00a0et obtenir la Certification Conf\u00e9d\u00e9rale aupr\u00e8s de la CFMTC (Conf\u00e9d\u00e9ration Fran\u00e7aise de MTC).<\/p>\n\n\n\n<figure class=\"wp-block-image size-full\"><img fetchpriority=\"high\" decoding=\"async\" width=\"598\" height=\"847\" src=\"https:\/\/dev.fletc.fr\/wp-content\/uploads\/2024\/05\/Capture-decran-211.png\" alt=\"DNMTC examenFNMTC\" class=\"wp-image-1499\" srcset=\"https:\/\/dev.fletc.fr\/wp-content\/uploads\/2024\/05\/Capture-decran-211.png 598w, https:\/\/dev.fletc.fr\/wp-content\/uploads\/2024\/05\/Capture-decran-211-212x300.png 212w, https:\/\/dev.fletc.fr\/wp-content\/uploads\/2024\/05\/Capture-decran-211-300x425.png 300w\" sizes=\"(max-width: 598px) 100vw, 598px\" \/><\/figure>\n","protected":false},"excerpt":{"rendered":"<p>La FLETC est l\u2019un des membres fondateurs de la FNMTC (F\u00e9d\u00e9ration Nationale de M\u00e9decine Traditionnelle Chinoise). En suivant votre formation dans notre centre de formation, vous pourrez, en fin de cycle, vous pr\u00e9senter \u00e0 l\u2019examen national\u00a0DNMTC\u00a0et obtenir la Certification Conf\u00e9d\u00e9rale aupr\u00e8s de la CFMTC (Conf\u00e9d\u00e9ration Fran\u00e7aise de MTC).<\/p>\n","protected":false},"author":2,"featured_media":0,"parent":0,"menu_order":0,"comment_status":"closed","ping_status":"closed","template":"","meta":{"ocean_post_layout":"","ocean_both_sidebars_style":"","ocean_both_sidebars_content_width":0,"ocean_both_sidebars_sidebars_width":0,"ocean_sidebar":"","ocean_second_sidebar":"","ocean_disable_margins":"enable","ocean_add_body_class":"","ocean_shortcode_before_top_bar":"","ocean_shortcode_after_top_bar":"","ocean_shortcode_before_header":"","ocean_shortcode_after_header":"","ocean_has_shortcode":"","ocean_shortcode_after_title":"","ocean_shortcode_before_footer_widgets":"","ocean_shortcode_after_footer_widgets":"","ocean_shortcode_before_footer_bottom":"","ocean_shortcode_after_footer_bottom":"","ocean_display_top_bar":"default","ocean_display_header":"default","ocean_header_style":"","ocean_center_header_left_menu":"","ocean_custom_header_template":"","ocean_custom_logo":0,"ocean_custom_retina_logo":0,"ocean_custom_logo_max_width":0,"ocean_custom_logo_tablet_max_width":0,"ocean_custom_logo_mobile_max_width":0,"ocean_custom_logo_max_height":0,"ocean_custom_logo_tablet_max_height":0,"ocean_custom_logo_mobile_max_height":0,"ocean_header_custom_menu":"","ocean_menu_typo_font_family":"","ocean_menu_typo_font_subset":"","ocean_menu_typo_font_size":0,"ocean_menu_typo_font_size_tablet":0,"ocean_menu_typo_font_size_mobile":0,"ocean_menu_typo_font_size_unit":"px","ocean_menu_typo_font_weight":"","ocean_menu_typo_font_weight_tablet":"","ocean_menu_typo_font_weight_mobile":"","ocean_menu_typo_transform":"","ocean_menu_typo_transform_tablet":"","ocean_menu_typo_transform_mobile":"","ocean_menu_typo_line_height":0,"ocean_menu_typo_line_height_tablet":0,"ocean_menu_typo_line_height_mobile":0,"ocean_menu_typo_line_height_unit":"","ocean_menu_typo_spacing":0,"ocean_menu_typo_spacing_tablet":0,"ocean_menu_typo_spacing_mobile":0,"ocean_menu_typo_spacing_unit":"","ocean_menu_link_color":"","ocean_menu_link_color_hover":"","ocean_menu_link_color_active":"","ocean_menu_link_background":"","ocean_menu_link_hover_background":"","ocean_menu_link_active_background":"","ocean_menu_social_links_bg":"","ocean_menu_social_hover_links_bg":"","ocean_menu_social_links_color":"","ocean_menu_social_hover_links_color":"","ocean_disable_title":"default","ocean_disable_heading":"default","ocean_post_title":"","ocean_post_subheading":"","ocean_post_title_style":"","ocean_post_title_background_color":"","ocean_post_title_background":0,"ocean_post_title_bg_image_position":"","ocean_post_title_bg_image_attachment":"","ocean_post_title_bg_image_repeat":"","ocean_post_title_bg_image_size":"","ocean_post_title_height":0,"ocean_post_title_bg_overlay":0.5,"ocean_post_title_bg_overlay_color":"","ocean_disable_breadcrumbs":"default","ocean_breadcrumbs_color":"","ocean_breadcrumbs_separator_color":"","ocean_breadcrumbs_links_color":"","ocean_breadcrumbs_links_hover_color":"","ocean_display_footer_widgets":"default","ocean_display_footer_bottom":"default","ocean_custom_footer_template":"","footnotes":""},"class_list":["post-1284","page","type-page","status-publish","hentry","entry","owp-thumbs-layout-horizontal","owp-btn-normal","owp-tabs-layout-horizontal","has-no-thumbnails","has-product-nav","circle-sale"],"yoast_head":"<!-- This site is optimized with the Yoast SEO plugin v25.4 - https:\/\/yoast.com\/wordpress\/plugins\/seo\/ -->\n<title>La F.N.M.T.C. F\u00e9d\u00e9ration Nationale de M\u00e9decine Traditionnelle Chinoise - FLETC<\/title>\n<meta name=\"robots\" content=\"noindex, nofollow\" \/>\n<meta property=\"og:locale\" content=\"fr_FR\" \/>\n<meta property=\"og:type\" content=\"article\" \/>\n<meta property=\"og:title\" content=\"La F.N.M.T.C. F\u00e9d\u00e9ration Nationale de M\u00e9decine Traditionnelle Chinoise - FLETC\" \/>\n<meta property=\"og:description\" content=\"La FLETC est l\u2019un des membres fondateurs de la FNMTC (F\u00e9d\u00e9ration Nationale de M\u00e9decine Traditionnelle Chinoise). En suivant votre formation dans notre centre de formation, vous pourrez, en fin de cycle, vous pr\u00e9senter \u00e0 l\u2019examen national\u00a0DNMTC\u00a0et obtenir la Certification Conf\u00e9d\u00e9rale aupr\u00e8s de la CFMTC (Conf\u00e9d\u00e9ration Fran\u00e7aise de MTC).\" \/>\n<meta property=\"og:url\" content=\"https:\/\/dev.fletc.fr\/index.php\/la-f-n-m-t-c-federation-nationale-de-medecine-traditionnelle-chinoise\/\" \/>\n<meta property=\"og:site_name\" content=\"FLETC\" \/>\n<meta property=\"article:publisher\" content=\"https:\/\/www.facebook.com\/FletcEcole\" \/>\n<meta property=\"article:modified_time\" content=\"2024-05-31T13:37:23+00:00\" \/>\n<meta property=\"og:image\" content=\"https:\/\/dev.fletc.fr\/wp-content\/uploads\/2024\/05\/Capture-decran-211.png\" \/>\n<meta name=\"twitter:card\" content=\"summary_large_image\" \/>\n<meta name=\"twitter:label1\" content=\"Dur\u00e9e de lecture estim\u00e9e\" \/>\n\t<meta name=\"twitter:data1\" content=\"1 minute\" \/>\n<script type=\"application\/ld+json\" class=\"yoast-schema-graph\">{\"@context\":\"https:\/\/schema.org\",\"@graph\":[{\"@type\":\"WebPage\",\"@id\":\"https:\/\/dev.fletc.fr\/index.php\/la-f-n-m-t-c-federation-nationale-de-medecine-traditionnelle-chinoise\/\",\"url\":\"https:\/\/dev.fletc.fr\/index.php\/la-f-n-m-t-c-federation-nationale-de-medecine-traditionnelle-chinoise\/\",\"name\":\"La F.N.M.T.C. F\u00e9d\u00e9ration Nationale de M\u00e9decine Traditionnelle Chinoise - FLETC\",\"isPartOf\":{\"@id\":\"https:\/\/dev.fletc.fr\/#website\"},\"primaryImageOfPage\":{\"@id\":\"https:\/\/dev.fletc.fr\/index.php\/la-f-n-m-t-c-federation-nationale-de-medecine-traditionnelle-chinoise\/#primaryimage\"},\"image\":{\"@id\":\"https:\/\/dev.fletc.fr\/index.php\/la-f-n-m-t-c-federation-nationale-de-medecine-traditionnelle-chinoise\/#primaryimage\"},\"thumbnailUrl\":\"https:\/\/dev.fletc.fr\/wp-content\/uploads\/2024\/05\/Capture-decran-211.png\",\"datePublished\":\"2024-03-17T09:18:29+00:00\",\"dateModified\":\"2024-05-31T13:37:23+00:00\",\"breadcrumb\":{\"@id\":\"https:\/\/dev.fletc.fr\/index.php\/la-f-n-m-t-c-federation-nationale-de-medecine-traditionnelle-chinoise\/#breadcrumb\"},\"inLanguage\":\"fr-FR\",\"potentialAction\":[{\"@type\":\"ReadAction\",\"target\":[\"https:\/\/dev.fletc.fr\/index.php\/la-f-n-m-t-c-federation-nationale-de-medecine-traditionnelle-chinoise\/\"]}]},{\"@type\":\"ImageObject\",\"inLanguage\":\"fr-FR\",\"@id\":\"https:\/\/dev.fletc.fr\/index.php\/la-f-n-m-t-c-federation-nationale-de-medecine-traditionnelle-chinoise\/#primaryimage\",\"url\":\"https:\/\/dev.fletc.fr\/wp-content\/uploads\/2024\/05\/Capture-decran-211.png\",\"contentUrl\":\"https:\/\/dev.fletc.fr\/wp-content\/uploads\/2024\/05\/Capture-decran-211.png\",\"width\":598,\"height\":847,\"caption\":\"DNMTC examenFNMTC\"},{\"@type\":\"BreadcrumbList\",\"@id\":\"https:\/\/dev.fletc.fr\/index.php\/la-f-n-m-t-c-federation-nationale-de-medecine-traditionnelle-chinoise\/#breadcrumb\",\"itemListElement\":[{\"@type\":\"ListItem\",\"position\":1,\"name\":\"Accueil\",\"item\":\"https:\/\/dev.fletc.fr\/\"},{\"@type\":\"ListItem\",\"position\":2,\"name\":\"La F.N.M.T.C. F\u00e9d\u00e9ration Nationale de M\u00e9decine Traditionnelle Chinoise\"}]},{\"@type\":\"WebSite\",\"@id\":\"https:\/\/dev.fletc.fr\/#website\",\"url\":\"https:\/\/dev.fletc.fr\/\",\"name\":\"FLETC\",\"description\":\"\",\"publisher\":{\"@id\":\"https:\/\/dev.fletc.fr\/#organization\"},\"potentialAction\":[{\"@type\":\"SearchAction\",\"target\":{\"@type\":\"EntryPoint\",\"urlTemplate\":\"https:\/\/dev.fletc.fr\/?s={search_term_string}\"},\"query-input\":{\"@type\":\"PropertyValueSpecification\",\"valueRequired\":true,\"valueName\":\"search_term_string\"}}],\"inLanguage\":\"fr-FR\"},{\"@type\":\"Organization\",\"@id\":\"https:\/\/dev.fletc.fr\/#organization\",\"name\":\"FLETC\",\"url\":\"https:\/\/dev.fletc.fr\/\",\"logo\":{\"@type\":\"ImageObject\",\"inLanguage\":\"fr-FR\",\"@id\":\"https:\/\/dev.fletc.fr\/#\/schema\/logo\/image\/\",\"url\":\"https:\/\/dev.fletc.fr\/wp-content\/uploads\/2023\/03\/LOGOFL_FLETC.jpg\",\"contentUrl\":\"https:\/\/dev.fletc.fr\/wp-content\/uploads\/2023\/03\/LOGOFL_FLETC.jpg\",\"width\":490,\"height\":736,\"caption\":\"FLETC\"},\"image\":{\"@id\":\"https:\/\/dev.fletc.fr\/#\/schema\/logo\/image\/\"},\"sameAs\":[\"https:\/\/www.facebook.com\/FletcEcole\",\"https:\/\/www.instagram.com\/fletc.mtc\/\",\"https:\/\/www.youtube.com\/@fletc-facultelibredenerget5646\",\"https:\/\/www.linkedin.com\/company\/fletc\"]}]}<\/script>\n<!-- \/ Yoast SEO plugin. -->","yoast_head_json":{"title":"La F.N.M.T.C. F\u00e9d\u00e9ration Nationale de M\u00e9decine Traditionnelle Chinoise - FLETC","robots":{"index":"noindex","follow":"nofollow"},"og_locale":"fr_FR","og_type":"article","og_title":"La F.N.M.T.C. F\u00e9d\u00e9ration Nationale de M\u00e9decine Traditionnelle Chinoise - FLETC","og_description":"La FLETC est l\u2019un des membres fondateurs de la FNMTC (F\u00e9d\u00e9ration Nationale de M\u00e9decine Traditionnelle Chinoise). En suivant votre formation dans notre centre de formation, vous pourrez, en fin de cycle, vous pr\u00e9senter \u00e0 l\u2019examen national\u00a0DNMTC\u00a0et obtenir la Certification Conf\u00e9d\u00e9rale aupr\u00e8s de la CFMTC (Conf\u00e9d\u00e9ration Fran\u00e7aise de MTC).","og_url":"https:\/\/dev.fletc.fr\/index.php\/la-f-n-m-t-c-federation-nationale-de-medecine-traditionnelle-chinoise\/","og_site_name":"FLETC","article_publisher":"https:\/\/www.facebook.com\/FletcEcole","article_modified_time":"2024-05-31T13:37:23+00:00","og_image":[{"url":"https:\/\/dev.fletc.fr\/wp-content\/uploads\/2024\/05\/Capture-decran-211.png","type":"","width":"","height":""}],"twitter_card":"summary_large_image","twitter_misc":{"Dur\u00e9e de lecture estim\u00e9e":"1 minute"},"schema":{"@context":"https:\/\/schema.org","@graph":[{"@type":"WebPage","@id":"https:\/\/dev.fletc.fr\/index.php\/la-f-n-m-t-c-federation-nationale-de-medecine-traditionnelle-chinoise\/","url":"https:\/\/dev.fletc.fr\/index.php\/la-f-n-m-t-c-federation-nationale-de-medecine-traditionnelle-chinoise\/","name":"La F.N.M.T.C. F\u00e9d\u00e9ration Nationale de M\u00e9decine Traditionnelle Chinoise - FLETC","isPartOf":{"@id":"https:\/\/dev.fletc.fr\/#website"},"primaryImageOfPage":{"@id":"https:\/\/dev.fletc.fr\/index.php\/la-f-n-m-t-c-federation-nationale-de-medecine-traditionnelle-chinoise\/#primaryimage"},"image":{"@id":"https:\/\/dev.fletc.fr\/index.php\/la-f-n-m-t-c-federation-nationale-de-medecine-traditionnelle-chinoise\/#primaryimage"},"thumbnailUrl":"https:\/\/dev.fletc.fr\/wp-content\/uploads\/2024\/05\/Capture-decran-211.png","datePublished":"2024-03-17T09:18:29+00:00","dateModified":"2024-05-31T13:37:23+00:00","breadcrumb":{"@id":"https:\/\/dev.fletc.fr\/index.php\/la-f-n-m-t-c-federation-nationale-de-medecine-traditionnelle-chinoise\/#breadcrumb"},"inLanguage":"fr-FR","potentialAction":[{"@type":"ReadAction","target":["https:\/\/dev.fletc.fr\/index.php\/la-f-n-m-t-c-federation-nationale-de-medecine-traditionnelle-chinoise\/"]}]},{"@type":"ImageObject","inLanguage":"fr-FR","@id":"https:\/\/dev.fletc.fr\/index.php\/la-f-n-m-t-c-federation-nationale-de-medecine-traditionnelle-chinoise\/#primaryimage","url":"https:\/\/dev.fletc.fr\/wp-content\/uploads\/2024\/05\/Capture-decran-211.png","contentUrl":"https:\/\/dev.fletc.fr\/wp-content\/uploads\/2024\/05\/Capture-decran-211.png","width":598,"height":847,"caption":"DNMTC examenFNMTC"},{"@type":"BreadcrumbList","@id":"https:\/\/dev.fletc.fr\/index.php\/la-f-n-m-t-c-federation-nationale-de-medecine-traditionnelle-chinoise\/#breadcrumb","itemListElement":[{"@type":"ListItem","position":1,"name":"Accueil","item":"https:\/\/dev.fletc.fr\/"},{"@type":"ListItem","position":2,"name":"La F.N.M.T.C. F\u00e9d\u00e9ration Nationale de M\u00e9decine Traditionnelle Chinoise"}]},{"@type":"WebSite","@id":"https:\/\/dev.fletc.fr\/#website","url":"https:\/\/dev.fletc.fr\/","name":"FLETC","description":"","publisher":{"@id":"https:\/\/dev.fletc.fr\/#organization"},"potentialAction":[{"@type":"SearchAction","target":{"@type":"EntryPoint","urlTemplate":"https:\/\/dev.fletc.fr\/?s={search_term_string}"},"query-input":{"@type":"PropertyValueSpecification","valueRequired":true,"valueName":"search_term_string"}}],"inLanguage":"fr-FR"},{"@type":"Organization","@id":"https:\/\/dev.fletc.fr\/#organization","name":"FLETC","url":"https:\/\/dev.fletc.fr\/","logo":{"@type":"ImageObject","inLanguage":"fr-FR","@id":"https:\/\/dev.fletc.fr\/#\/schema\/logo\/image\/","url":"https:\/\/dev.fletc.fr\/wp-content\/uploads\/2023\/03\/LOGOFL_FLETC.jpg","contentUrl":"https:\/\/dev.fletc.fr\/wp-content\/uploads\/2023\/03\/LOGOFL_FLETC.jpg","width":490,"height":736,"caption":"FLETC"},"image":{"@id":"https:\/\/dev.fletc.fr\/#\/schema\/logo\/image\/"},"sameAs":["https:\/\/www.facebook.com\/FletcEcole","https:\/\/www.instagram.com\/fletc.mtc\/","https:\/\/www.youtube.com\/@fletc-facultelibredenerget5646","https:\/\/www.linkedin.com\/company\/fletc"]}]}},"_links":{"self":[{"href":"https:\/\/dev.fletc.fr\/index.php\/wp-json\/wp\/v2\/pages\/1284","targetHints":{"allow":["GET"]}}],"collection":[{"href":"https:\/\/dev.fletc.fr\/index.php\/wp-json\/wp\/v2\/pages"}],"about":[{"href":"https:\/\/dev.fletc.fr\/index.php\/wp-json\/wp\/v2\/types\/page"}],"author":[{"embeddable":true,"href":"https:\/\/dev.fletc.fr\/index.php\/wp-json\/wp\/v2\/users\/2"}],"replies":[{"embeddable":true,"href":"https:\/\/dev.fletc.fr\/index.php\/wp-json\/wp\/v2\/comments?post=1284"}],"version-history":[{"count":2,"href":"https:\/\/dev.fletc.fr\/index.php\/wp-json\/wp\/v2\/pages\/1284\/revisions"}],"predecessor-version":[{"id":1500,"href":"https:\/\/dev.fletc.fr\/index.php\/wp-json\/wp\/v2\/pages\/1284\/revisions\/1500"}],"wp:attachment":[{"href":"https:\/\/dev.fletc.fr\/index.php\/wp-json\/wp\/v2\/media?parent=1284"}],"curies":[{"name":"wp","href":"https:\/\/api.w.org\/{rel}","templated":true}]}}